{"id":572,"date":"2020-03-03T15:54:01","date_gmt":"2020-03-03T14:54:01","guid":{"rendered":"https:\/\/schronisko-slupsk.pl\/?page_id=572"},"modified":"2025-01-09T22:30:31","modified_gmt":"2025-01-09T21:30:31","slug":"572-2","status":"publish","type":"page","link":"https:\/\/schronisko-slupsk.pl\/index.php\/572-2\/","title":{"rendered":"Praca"},"content":{"rendered":"\n<p>Uwaga! Poszukiwana osoba na stanowisko Opiekun Zwierz\u0105t<img loading=\"lazy\" decoding=\"async\" height=\"16\" width=\"16\" alt=\"\ud83d\udc15\" src=\"https:\/\/static.xx.fbcdn.net\/images\/emoji.php\/v9\/t70\/1\/16\/1f415.png\"><img loading=\"lazy\" decoding=\"async\" height=\"16\" width=\"16\" alt=\"\ud83d\udc3e\" src=\"https:\/\/static.xx.fbcdn.net\/images\/emoji.php\/v9\/tde\/1\/16\/1f43e.png\"><\/p>\n\n\n\n<figure class=\"wp-block-image size-full\"><img loading=\"lazy\" decoding=\"async\" width=\"810\" height=\"540\" src=\"https:\/\/schronisko-slupsk.pl\/wp-content\/uploads\/2025\/01\/image.png\" alt=\"\" class=\"wp-image-3154\" srcset=\"https:\/\/schronisko-slupsk.pl\/wp-content\/uploads\/2025\/01\/image.png 810w, https:\/\/schronisko-slupsk.pl\/wp-content\/uploads\/2025\/01\/image-480x320.png 480w\" sizes=\"(min-width: 0px) and (max-width: 480px) 480px, (min-width: 481px) 810px, 100vw\" \/><\/figure>\n\n\n\n<p><strong>Wymagania:<\/strong><\/p>\n\n\n\n<p>-Empatia w stosunku do zwierz\u0105t<\/p>\n\n\n\n<p>-Umiej\u0119tno\u015b\u0107 pracy w zespole<\/p>\n\n\n\n<p>-Umiej\u0119tno\u015b\u0107 organizacji pracy <a><\/a>na stanowisku<\/p>\n\n\n\n<p>-Punktualno\u015b\u0107<\/p>\n\n\n\n<p>-Pracowito\u015b\u0107<\/p>\n\n\n\n<p>-Wytrzyma\u0142o\u015b\u0107 i sprawno\u015b\u0107 fizyczna<\/p>\n\n\n\n<p>-Poczucie odpowiedzialno\u015bci za powierzone zadania<\/p>\n\n\n\n<p>-Mile widziane do\u015bwiadczenie w pracy ze zwierz\u0119tami<\/p>\n\n\n\n<p>-prawo jady kat.B<\/p>\n\n\n\n<p><strong>Zanim wy\u015blesz aplikacj\u0119 zastan\u00f3w si\u0119 dobrze czy chcesz wykonywa\u0107 tak\u0105 prac\u0119! Zaoszcz\u0119dzi to czasu i Nam i Tobie!<\/strong><\/p>\n\n\n\n<p>Pracujemy 7 dni w tygodniu, w systemie 3 zmianowym, wg wcze\u015bniej ustalonego grafiku, bez wzgl\u0119du na to czy \u015bwieci s\u0142o\u0144ce czy pada deszcz.<\/p>\n\n\n\n<p><strong>Do obowi\u0105zk\u00f3w opiekuna zwierz\u0105t nale\u017cy nale\u017cy:<\/strong><\/p>\n\n\n\n<p>-Dbanie o czysto\u015b\u0107 i porz\u0105dek na terenie obiektu schroniska<\/p>\n\n\n\n<p>-Opieka nad kotami i psami przebywaj\u0105cymi w schronisku<\/p>\n\n\n\n<p>-Karmienie i pojenie kot\u00f3w i ps\u00f3w<\/p>\n\n\n\n<p>-Obserwowanie stanu zdrowia kot\u00f3w i ps\u00f3w<\/p>\n\n\n\n<p>-Socjalizacja zwierz\u0105t<\/p>\n\n\n\n<p>-Wsp\u00f3\u0142praca z innymi opiekunami zwierz\u0105t i lekarzem weterynarii<\/p>\n\n\n\n<p>&#8211; prace porz\u0105dkowe na terenie obiektu schroniska<\/p>\n\n\n\n<p><strong>Wynagrodzenie 4666,00 plus premia uznaniowa<\/strong><\/p>\n\n\n\n<p>CV prosimy przesy\u0142a\u0107 na adres mailowy <strong>schronisko.slupsk@poczta.onet.pl<\/strong><\/p>\n\n\n\n<p>Skontaktujemy si\u0119 tylko z wybranymi osobami.<\/p>\n\n\n\n<hr class=\"wp-block-separator has-alpha-channel-opacity\"\/>\n\n\n\n<figure class=\"wp-block-image size-full is-resized\"><img loading=\"lazy\" decoding=\"async\" width=\"810\" height=\"540\" src=\"https:\/\/schronisko-slupsk.pl\/wp-content\/uploads\/2025\/01\/image-1.png\" alt=\"\" class=\"wp-image-3158\" style=\"width:1107px;height:auto\" srcset=\"https:\/\/schronisko-slupsk.pl\/wp-content\/uploads\/2025\/01\/image-1.png 810w, https:\/\/schronisko-slupsk.pl\/wp-content\/uploads\/2025\/01\/image-1-480x320.png 480w\" sizes=\"(min-width: 0px) and (max-width: 480px) 480px, (min-width: 481px) 810px, 100vw\" \/><\/figure>\n\n\n\n<p><strong>Szukamy lekarza weterynarii do pracy w schronisku dla zwierz\u0105t w S\u0142upsku prowadzonego przez Towarzystwo Opieki nad Zwierz\u0119tami Polsce o\/ S\u0142upsk, w pe\u0142nym wymiarze godzin<\/strong><\/p>\n\n\n\n<p><strong>Wymagania:<\/strong><\/p>\n\n\n\n<p>-Potwierdzone uprawnienia do wykonywania zawodu,<\/p>\n\n\n\n<p>&#8211; Do\u015bwiadczenie w pracy ze zwierz\u0119tami towarzysz\u0105cymi ( g\u0142\u00f3wnie z psami i kotami)<\/p>\n\n\n\n<p>&#8211; wra\u017cliwo\u015b\u0107 na los zwierz\u0105t, empatia<\/p>\n\n\n\n<p>&#8211; <a><\/a>kultura osobista,<\/p>\n\n\n\n<p>&#8211; umiej\u0119tno\u015b\u0107 organizacji pracy w gabinecie weterynaryjnym,<\/p>\n\n\n\n<p>&#8211; odpowiedzialno\u015b\u0107 za powierzone zadania,<\/p>\n\n\n\n<p>&#8211; prawo jazdy kat b.<\/p>\n\n\n\n<p><strong>Obowi\u0105zki<\/strong><\/p>\n\n\n\n<p>&#8211; leczenie zwierz\u0105t przebywaj\u0105cych w schronisku dla zwierz\u0105t w S\u0142upsku,<\/p>\n\n\n\n<p>&#8211; wykonywanie zabieg\u00f3w kastracji i sterylizacji u ps\u00f3w i kot\u00f3w,<\/p>\n\n\n\n<p>&#8211; prowadzenie szczepie\u0144 i profilaktyki,<\/p>\n\n\n\n<p>&#8211; wykonywanie diagnostyki, zlecanie bada\u0144,<\/p>\n\n\n\n<p>&#8211; prowadzenie dokumentacji medycznej,<\/p>\n\n\n\n<p>&#8211; wsp\u00f3\u0142praca z opiekunami zwierz\u0105t i wolontariuszami.<\/p>\n\n\n\n<p><strong>Oferujemy:<\/strong><\/p>\n\n\n\n<p>&#8211; praca w gabinecie weterynaryjnym wyposa\u017conym w sprz\u0119t medyczny m.in usg, lampa phovia, skaler ultrad\u017awi\u0119kowy, wir\u00f3wka do krwi.<\/p>\n\n\n\n<p>Jeste\u015bmy schroniskiem nastawionym na zapewnienie opieki i wymaganego leczenia dla naszych podopiecznych.<\/p>\n\n\n\n<p>Wynagrodzenie uzale\u017cnione od do\u015bwiadczenia i umiej\u0119tno\u015bci od 8000 &#8211; 10 000z\u0142 brutto. Rodzaj umowy do uzgodnienia.<\/p>\n\n\n\n<p>Osoby zainteresowane prosimy o kontakt pod adresem mailowym toz.slupsk@op.pl<\/p>\n\n\n\n<hr class=\"wp-block-separator has-alpha-channel-opacity\"\/>\n","protected":false},"excerpt":{"rendered":"<p>Uwaga! Poszukiwana osoba na stanowisko Opiekun Zwierz\u0105t Wymagania: -Empatia w stosunku do zwierz\u0105t -Umiej\u0119tno\u015b\u0107 pracy w zespole -Umiej\u0119tno\u015b\u0107 organizacji pracy na stanowisku -Punktualno\u015b\u0107 -Pracowito\u015b\u0107 -Wytrzyma\u0142o\u015b\u0107 i sprawno\u015b\u0107 fizyczna -Poczucie odpowiedzialno\u015bci za powierzone zadania -Mile widziane do\u015bwiadczenie w pracy ze zwierz\u0119tami -prawo jady kat.B Zanim wy\u015blesz aplikacj\u0119 zastan\u00f3w si\u0119 dobrze czy chcesz wykonywa\u0107 tak\u0105 prac\u0119! Zaoszcz\u0119dzi [&hellip;]<\/p>\n","protected":false},"author":2,"featured_media":0,"parent":0,"menu_order":0,"comment_status":"closed","ping_status":"closed","template":"","meta":{"_et_pb_use_builder":"off","_et_pb_old_content":"","_et_gb_content_width":"1080","footnotes":""},"class_list":["post-572","page","type-page","status-publish","hentry"],"_links":{"self":[{"href":"https:\/\/schronisko-slupsk.pl\/index.php\/wp-json\/wp\/v2\/pages\/572","targetHints":{"allow":["GET"]}}],"collection":[{"href":"https:\/\/schronisko-slupsk.pl\/index.php\/wp-json\/wp\/v2\/pages"}],"about":[{"href":"https:\/\/schronisko-slupsk.pl\/index.php\/wp-json\/wp\/v2\/types\/page"}],"author":[{"embeddable":true,"href":"https:\/\/schronisko-slupsk.pl\/index.php\/wp-json\/wp\/v2\/users\/2"}],"replies":[{"embeddable":true,"href":"https:\/\/schronisko-slupsk.pl\/index.php\/wp-json\/wp\/v2\/comments?post=572"}],"version-history":[{"count":3,"href":"https:\/\/schronisko-slupsk.pl\/index.php\/wp-json\/wp\/v2\/pages\/572\/revisions"}],"predecessor-version":[{"id":3159,"href":"https:\/\/schronisko-slupsk.pl\/index.php\/wp-json\/wp\/v2\/pages\/572\/revisions\/3159"}],"wp:attachment":[{"href":"https:\/\/schronisko-slupsk.pl\/index.php\/wp-json\/wp\/v2\/media?parent=572"}],"curies":[{"name":"wp","href":"https:\/\/api.w.org\/{rel}","templated":true}]}}