{"id":376,"date":"2020-01-23T14:26:52","date_gmt":"2020-01-23T13:26:52","guid":{"rendered":"https:\/\/schronisko-slupsk.pl\/?page_id=376"},"modified":"2025-03-05T11:22:06","modified_gmt":"2025-03-05T10:22:06","slug":"dom-tymczasowy","status":"publish","type":"page","link":"https:\/\/schronisko-slupsk.pl\/index.php\/dom-tymczasowy\/","title":{"rendered":"Dom Tymczasowy"},"content":{"rendered":"<p>[et_pb_section fb_built=&#8221;1&#8243; fullwidth=&#8221;on&#8221; next_background_color=&#8221;#ffffff&#8221; admin_label=&#8221;Header Section&#8221; _builder_version=&#8221;4.16&#8243; background_color=&#8221;#000000&#8243; bottom_divider_style=&#8221;ramp&#8221; bottom_divider_flip=&#8221;horizontal&#8221; global_colors_info=&#8221;{}&#8221;][et_pb_fullwidth_header subhead=&#8221;Dom Tymczasowy&#8221; text_orientation=&#8221;center&#8221; content_max_width=&#8221;640px&#8221; _builder_version=&#8221;4.16&#8243; title_font=&#8221;Oswald|||on|||||&#8221; title_font_size=&#8221;20px&#8221; title_letter_spacing=&#8221;3px&#8221; title_line_height=&#8221;1.5em&#8221; content_font=&#8221;Lora||||||||&#8221; content_font_size=&#8221;22px&#8221; content_line_height=&#8221;2em&#8221; subhead_font=&#8221;Lora|700|||||||&#8221; subhead_font_size=&#8221;60px&#8221; subhead_line_height=&#8221;1.5em&#8221; background_color=&#8221;rgba(255,255,255,0)&#8221; background_image=&#8221;https:\/\/schronisko-slupsk.pl\/wp-content\/uploads\/2020\/01\/cat-and-dog-493629_1920.jpg&#8221; parallax=&#8221;on&#8221; parallax_method=&#8221;on&#8221; custom_button_one=&#8221;on&#8221; button_one_text_size=&#8221;16px&#8221; button_one_text_color=&#8221;#ffffff&#8221; button_one_bg_color=&#8221;#d29f68&#8243; button_one_border_width=&#8221;15px&#8221; button_one_border_color=&#8221;rgba(210,159,104,0)&#8221; button_one_border_radius=&#8221;100px&#8221; button_one_letter_spacing=&#8221;3px&#8221; button_one_font=&#8221;Oswald|||on|||||&#8221; button_one_use_icon=&#8221;off&#8221; custom_button_two=&#8221;on&#8221; button_two_text_size=&#8221;16px&#8221; button_two_text_color=&#8221;#ffffff&#8221; button_two_bg_color=&#8221;rgba(255,255,255,0.35)&#8221; button_two_border_width=&#8221;15px&#8221; button_two_border_color=&#8221;rgba(0,0,0,0)&#8221; button_two_border_radius=&#8221;100px&#8221; button_two_letter_spacing=&#8221;3px&#8221; button_two_font=&#8221;Oswald|||on|||||&#8221; button_two_use_icon=&#8221;off&#8221; custom_margin=&#8221;|||&#8221; custom_padding=&#8221;90px||90px||true&#8221; animation_style=&#8221;zoom&#8221; animation_duration=&#8221;2000ms&#8221; animation_intensity_zoom=&#8221;4%&#8221; subhead_font_size_tablet=&#8221;&#8221; subhead_font_size_phone=&#8221;50px&#8221; subhead_font_size_last_edited=&#8221;on|desktop&#8221; button_one_border_radius_hover=&#8221;100px&#8221; button_one_bg_color_hover=&#8221;#cc8d66&#8243; button_two_bg_color_hover=&#8221;#d29f68&#8243; global_colors_info=&#8221;{}&#8221; button_one_text_size__hover_enabled=&#8221;off&#8221; button_two_text_size__hover_enabled=&#8221;off&#8221; button_one_text_color__hover_enabled=&#8221;off&#8221; button_two_text_color__hover_enabled=&#8221;off&#8221; button_one_border_width__hover_enabled=&#8221;off&#8221; button_two_border_width__hover_enabled=&#8221;off&#8221; button_one_border_color__hover_enabled=&#8221;off&#8221; button_two_border_color__hover_enabled=&#8221;off&#8221; button_one_border_radius__hover_enabled=&#8221;on&#8221; button_one_border_radius__hover=&#8221;100px&#8221; button_two_border_radius__hover_enabled=&#8221;off&#8221; button_one_letter_spacing__hover_enabled=&#8221;off&#8221; button_two_letter_spacing__hover_enabled=&#8221;off&#8221; button_one_bg_color__hover_enabled=&#8221;on&#8221; button_one_bg_color__hover=&#8221;#cc8d66&#8243; button_two_bg_color__hover_enabled=&#8221;on&#8221; button_two_bg_color__hover=&#8221;#d29f68&#8243;][\/et_pb_fullwidth_header][\/et_pb_section][et_pb_section fb_built=&#8221;1&#8243; admin_label=&#8221;Listings&#8221; _builder_version=&#8221;4.16&#8243; custom_padding=&#8221;17px||0||false|false&#8221; animation_style=&#8221;fade&#8221; animation_delay=&#8221;200ms&#8221; global_colors_info=&#8221;{}&#8221;][et_pb_row column_structure=&#8221;1_2,1_2&#8243; admin_label=&#8221;About Row&#8221; _builder_version=&#8221;4.16&#8243; custom_padding=&#8221;||10px|||&#8221; locked=&#8221;off&#8221; global_colors_info=&#8221;{}&#8221;][et_pb_column type=&#8221;1_2&#8243; _builder_version=&#8221;4.16&#8243; custom_padding=&#8221;|||&#8221; global_colors_info=&#8221;{}&#8221; custom_padding__hover=&#8221;|||&#8221;][et_pb_text _builder_version=&#8221;4.16&#8243; text_font=&#8221;Lora||||||||&#8221; text_font_size=&#8221;18px&#8221; text_line_height=&#8221;2em&#8221; link_font=&#8221;||||||||&#8221; ul_font=&#8221;||||||||&#8221; ol_font=&#8221;||||||||&#8221; quote_font=&#8221;||||||||&#8221; header_font=&#8221;||||||||&#8221; header_2_font=&#8221;Lora|700|||||||&#8221; header_2_font_size=&#8221;50px&#8221; header_2_line_height=&#8221;1.5em&#8221; header_3_font=&#8221;Lora|700|||||||&#8221; header_3_font_size=&#8221;42px&#8221; header_3_line_height=&#8221;1.5em&#8221; header_5_font=&#8221;Oswald|||on|||||&#8221; header_5_text_color=&#8221;rgba(0,0,0,0.4)&#8221; header_5_font_size=&#8221;20px&#8221; header_5_letter_spacing=&#8221;3px&#8221; background_color=&#8221;#ffffff&#8221; max_width=&#8221;629px&#8221; max_width_tablet=&#8221;&#8221; max_width_phone=&#8221;&#8221; max_width_last_edited=&#8221;on|phone&#8221; custom_margin=&#8221;|20px||||&#8221; custom_margin_tablet=&#8221;|70px||70px&#8221; custom_margin_phone=&#8221;|50px||50px&#8221; custom_margin_last_edited=&#8221;off|desktop&#8221; custom_padding=&#8221;||6px|||&#8221; filter_hue_rotate=&#8221;121deg&#8221; filter_saturate=&#8221;152%&#8221; text_line_height_last_edited=&#8221;off|desktop&#8221; global_colors_info=&#8221;{}&#8221;]<\/p>\n<p style=\"text-align: justify;\"><strong>Dom Tymczasowy jest szczeg\u00f3lnie potrzebny zwierz\u0119tom, kt\u00f3re \u017ale znosz\u0105 pobyt w schronisku. Psy l\u0119kliwe, nieufne, skrzywdzone przez cz\u0142owieka, chore czy stare. Tak\u017ce koci\u0119ta, kt\u00f3re s\u0105 zbyt ma\u0142e, by bez ciep\u0142a i mi\u0142o\u015bci wyrosn\u0105\u0107 na pi\u0119kne, zdrowe koty.. Zwierz\u0105t potrzebuj\u0105cych pomocy zawsze jest bardzo du\u017co, warto zaopiekowa\u0107 si\u0119 chocia\u017c jednym.<\/strong><\/p>\n<p>[\/et_pb_text][\/et_pb_column][et_pb_column type=&#8221;1_2&#8243; _builder_version=&#8221;4.16&#8243; custom_padding=&#8221;|||&#8221; global_colors_info=&#8221;{}&#8221; custom_padding__hover=&#8221;|||&#8221;][et_pb_text _builder_version=&#8221;4.16&#8243; custom_padding=&#8221;|||0px||&#8221; global_colors_info=&#8221;{}&#8221;]<\/p>\n<p style=\"text-align: justify;\"><span>Dla cz\u0142owieka wra\u017cliwego na cierpienie zwierz\u0105t nie ma chyba wi\u0119kszej nagrody ni\u017c ujrzenie szcz\u0119\u015bliwego zwierz\u0119cia, biegaj\u0105cego po w\u0142asnym ogr\u00f3dku, g\u0142askanego przez ukochanego w\u0142a\u015bciciela. Najwa\u017cniejsze s\u0105 ch\u0119ci, troch\u0119 wolnego czasu i dobre serce. Dla opiekuna to kilka tygodni, czasem miesi\u0119cy \u2013 dla psa lub kota jedyna szansa na normalne \u017cycie.<\/span><\/p>\n<p>[\/et_pb_text][et_pb_cta title=&#8221;Zwierzolubie&#8221; _builder_version=&#8221;4.16&#8243; custom_padding=&#8221;14px||9px|||&#8221; border_radii=&#8221;on|20px|20px|20px|20px&#8221; box_shadow_style=&#8221;preset6&#8243; global_colors_info=&#8221;{}&#8221;]<\/p>\n<p><strong>Je\u015bli bardzo chcesz zaopiekowa\u0107 si\u0119 zwierzakiem, ale nie mo\u017cesz mie\u0107 go na sta\u0142e adopcja tymczasowa jest najlepszym rozwi\u0105zaniem. Daje obustronne korzy\u015bci \u2013 zwierz\u0119ciu opiek\u0119 i powr\u00f3t do normalno\u015bci, opiekunowi przyjemno\u015b\u0107 z zajmowania si\u0119 czworonogiem przynajmniej tymczasowo.<\/strong><\/p>\n<p>[\/et_pb_cta][\/et_pb_column][\/et_pb_row][et_pb_row _builder_version=&#8221;4.16&#8243; custom_padding=&#8221;16px|||||&#8221; global_colors_info=&#8221;{}&#8221;][et_pb_column type=&#8221;4_4&#8243; _builder_version=&#8221;4.16&#8243; global_colors_info=&#8221;{}&#8221;][et_pb_testimonial portrait_url=&#8221;https:\/\/schronisko-slupsk.pl\/wp-content\/uploads\/2020\/01\/adorable-1868563_1920.jpg&#8221; _builder_version=&#8221;4.16&#8243; custom_padding=&#8221;25px||3px|||&#8221; global_colors_info=&#8221;{}&#8221;]<\/p>\n<p><span>Wszystkie obowi\u0105zki tymczasowego opiekuna oraz schroniska uj\u0119te s\u0105 w <strong>UMOWIE TYMCZASOWEJ OPIEKI NAD ZWIERZ\u0118CIEM<\/strong> , kt\u00f3ra jest podpisywana mi\u0119dzy stronami. Tymczasowy opiekun zapewnia zwierz\u0119ciu odpowiednie miejsce bytowania, jak r\u00f3wnie\u017c po\u017cywienie, wod\u0119. W zale\u017cno\u015bci od indywidualnych potrzeb zwierz\u0119cia r\u00f3wnie\u017c piel\u0119gnacja \u2013 k\u0105piele, czesanie itp. Aktywne poszukiwanie nowego \u2013 sta\u0142ego domu we wsp\u00f3\u0142pracy ze schroniskiem, poprzez r\u00f3\u017cnego rodzaju og\u0142oszenia, akcje rekomenduj\u0105ce dane zwierz\u0119 itp.. Schronisko, \u00a0w razie wyst\u0105pienia uzasadnionej potrzeby, zapewnia adoptowanemu na dom tymczasowy zwierz\u0119ciu leczenie. Bardzo wa\u017cny jest sta\u0142y kontakt ze schroniskiem i informowanie go o przebiegu socjalizacji zwierz\u0119cia.<\/span><\/p>\n<p>[\/et_pb_testimonial][\/et_pb_column][\/et_pb_row][\/et_pb_section][et_pb_section fb_built=&#8221;1&#8243; inner_shadow=&#8221;on&#8221; specialty=&#8221;on&#8221; background_color_1=&#8221;rgba(0,0,0,0)&#8221; _builder_version=&#8221;4.16&#8243; background_enable_image=&#8221;off&#8221; custom_margin=&#8221;-27px|||||&#8221; custom_padding=&#8221;15px||14px|||&#8221; animation_style=&#8221;flip&#8221; custom_width_px=&#8221;1440px&#8221; global_colors_info=&#8221;{}&#8221;][et_pb_column type=&#8221;3_4&#8243; specialty_columns=&#8221;3&#8243; _builder_version=&#8221;4.16&#8243; custom_padding=&#8221;|||&#8221; global_colors_info=&#8221;{}&#8221; custom_padding__hover=&#8221;|||&#8221;][et_pb_row_inner _builder_version=&#8221;4.16&#8243; custom_padding=&#8221;15.5px|0px|0|0px|false|false&#8221; global_colors_info=&#8221;{}&#8221;][et_pb_column_inner saved_specialty_column_type=&#8221;3_4&#8243; _builder_version=&#8221;4.16&#8243; custom_padding=&#8221;|||&#8221; global_colors_info=&#8221;{}&#8221; custom_padding__hover=&#8221;|||&#8221;][et_pb_image src=&#8221;https:\/\/schronisko-slupsk.pl\/wp-content\/uploads\/2020\/01\/chihuahua-2945839_1920.jpg&#8221; _builder_version=&#8221;4.16&#8243; background_enable_image=&#8221;off&#8221; parallax=&#8221;on&#8221; min_height=&#8221;212px&#8221; custom_padding=&#8221;0px|||||&#8221; animation_style=&#8221;fade&#8221; border_radii=&#8221;on|40px|40px|40px|40px&#8221; global_colors_info=&#8221;{}&#8221;][\/et_pb_image][\/et_pb_column_inner][\/et_pb_row_inner][\/et_pb_column][et_pb_column type=&#8221;1_4&#8243; _builder_version=&#8221;4.16&#8243; custom_padding=&#8221;|||&#8221; global_colors_info=&#8221;{}&#8221; custom_padding__hover=&#8221;|||&#8221;][et_pb_text _builder_version=&#8221;4.20.2&#8243; custom_margin=&#8221;|||-35px||&#8221; custom_padding=&#8221;47px||||false|false&#8221; global_colors_info=&#8221;{}&#8221;]<\/p>\n<p style=\"text-align: justify;\"><span>Wi\u0119cej informacji na temat funkcjonowania domu tymczasowego udzielimy Ci w biurze adopcyjnym schroniska czynnym w dni powszednie od 11 do 17 lub w weekendy od 11 do 15 lub pod nr telefonu 798109196. .<\/span><\/p>\n<p>[\/et_pb_text][\/et_pb_column][\/et_pb_section][et_pb_section fb_built=&#8221;1&#8243; fullwidth=&#8221;on&#8221; _builder_version=&#8221;4.27.4&#8243; _module_preset=&#8221;default&#8221; background_color=&#8221;#000000&#8243; global_module=&#8221;3591&#8243; global_colors_info=&#8221;{}&#8221;][et_pb_fullwidth_image src=&#8221;https:\/\/schronisko-slupsk.pl\/wp-content\/uploads\/2025\/03\/pomoc.jpg&#8221; title_text=&#8221;pomoc&#8221; _builder_version=&#8221;4.27.4&#8243; _module_preset=&#8221;default&#8221; global_colors_info=&#8221;{}&#8221;][\/et_pb_fullwidth_image][\/et_pb_section]<\/p>\n","protected":false},"excerpt":{"rendered":"<p>Dom Tymczasowy jest szczeg\u00f3lnie potrzebny zwierz\u0119tom, kt\u00f3re \u017ale znosz\u0105 pobyt w schronisku. Psy l\u0119kliwe, nieufne, skrzywdzone przez cz\u0142owieka, chore czy stare. Tak\u017ce koci\u0119ta, kt\u00f3re s\u0105 zbyt ma\u0142e, by bez ciep\u0142a i mi\u0142o\u015bci wyrosn\u0105\u0107 na pi\u0119kne, zdrowe koty.. Zwierz\u0105t potrzebuj\u0105cych pomocy zawsze jest bardzo du\u017co, warto zaopiekowa\u0107 si\u0119 chocia\u017c jednym.Dla cz\u0142owieka wra\u017cliwego na cierpienie zwierz\u0105t nie [&hellip;]<\/p>\n","protected":false},"author":2,"featured_media":0,"parent":0,"menu_order":0,"comment_status":"closed","ping_status":"closed","template":"","meta":{"_et_pb_use_builder":"on","_et_pb_old_content":"","_et_gb_content_width":"","footnotes":""},"class_list":["post-376","page","type-page","status-publish","hentry"],"_links":{"self":[{"href":"https:\/\/schronisko-slupsk.pl\/index.php\/wp-json\/wp\/v2\/pages\/376","targetHints":{"allow":["GET"]}}],"collection":[{"href":"https:\/\/schronisko-slupsk.pl\/index.php\/wp-json\/wp\/v2\/pages"}],"about":[{"href":"https:\/\/schronisko-slupsk.pl\/index.php\/wp-json\/wp\/v2\/types\/page"}],"author":[{"embeddable":true,"href":"https:\/\/schronisko-slupsk.pl\/index.php\/wp-json\/wp\/v2\/users\/2"}],"replies":[{"embeddable":true,"href":"https:\/\/schronisko-slupsk.pl\/index.php\/wp-json\/wp\/v2\/comments?post=376"}],"version-history":[{"count":2,"href":"https:\/\/schronisko-slupsk.pl\/index.php\/wp-json\/wp\/v2\/pages\/376\/revisions"}],"predecessor-version":[{"id":3597,"href":"https:\/\/schronisko-slupsk.pl\/index.php\/wp-json\/wp\/v2\/pages\/376\/revisions\/3597"}],"wp:attachment":[{"href":"https:\/\/schronisko-slupsk.pl\/index.php\/wp-json\/wp\/v2\/media?parent=376"}],"curies":[{"name":"wp","href":"https:\/\/api.w.org\/{rel}","templated":true}]}}