{"id":332,"date":"2020-01-22T07:57:46","date_gmt":"2020-01-22T06:57:46","guid":{"rendered":"https:\/\/schronisko-slupsk.pl\/?page_id=332"},"modified":"2026-04-11T13:58:28","modified_gmt":"2026-04-11T11:58:28","slug":"wolontariat","status":"publish","type":"page","link":"https:\/\/schronisko-slupsk.pl\/index.php\/wolontariat\/","title":{"rendered":"Wolontariat"},"content":{"rendered":"<p>[et_pb_section fb_built=&#8221;1&#8243; fullwidth=&#8221;on&#8221; next_background_color=&#8221;#ffffff&#8221; admin_label=&#8221;Header Section&#8221; _builder_version=&#8221;4.27.4&#8243; background_color=&#8221;#000000&#8243; use_background_color_gradient=&#8221;on&#8221; bottom_divider_style=&#8221;ramp&#8221; bottom_divider_flip=&#8221;horizontal&#8221; global_colors_info=&#8221;{}&#8221;][et_pb_fullwidth_header subhead=&#8221;Wolontariat&#8221; text_orientation=&#8221;center&#8221; content_max_width=&#8221;640px&#8221; _builder_version=&#8221;4.27.4&#8243; title_font=&#8221;Oswald|||on|||||&#8221; title_font_size=&#8221;20px&#8221; title_letter_spacing=&#8221;3px&#8221; title_line_height=&#8221;1.5em&#8221; content_font=&#8221;Lora||||||||&#8221; content_font_size=&#8221;22px&#8221; content_line_height=&#8221;2em&#8221; subhead_font=&#8221;Lora|700|||||||&#8221; subhead_font_size=&#8221;60px&#8221; subhead_line_height=&#8221;1.5em&#8221; background_color=&#8221;rgba(255,255,255,0)&#8221; background_image=&#8221;https:\/\/schronisko-slupsk.pl\/wp-content\/uploads\/2020\/01\/jack-russell-2310391_1920.jpg&#8221; parallax=&#8221;on&#8221; parallax_method=&#8221;on&#8221; custom_button_one=&#8221;on&#8221; button_one_text_size=&#8221;16px&#8221; button_one_text_color=&#8221;#ffffff&#8221; button_one_bg_color=&#8221;#d29f68&#8243; button_one_border_width=&#8221;15px&#8221; button_one_border_color=&#8221;rgba(210,159,104,0)&#8221; button_one_border_radius=&#8221;100px&#8221; button_one_letter_spacing=&#8221;3px&#8221; button_one_font=&#8221;Oswald|||on|||||&#8221; button_one_use_icon=&#8221;off&#8221; custom_button_two=&#8221;on&#8221; button_two_text_size=&#8221;16px&#8221; button_two_text_color=&#8221;#ffffff&#8221; button_two_bg_color=&#8221;rgba(255,255,255,0.35)&#8221; button_two_border_width=&#8221;15px&#8221; button_two_border_color=&#8221;rgba(0,0,0,0)&#8221; button_two_border_radius=&#8221;100px&#8221; button_two_letter_spacing=&#8221;3px&#8221; button_two_font=&#8221;Oswald|||on|||||&#8221; button_two_use_icon=&#8221;off&#8221; custom_margin=&#8221;|||&#8221; custom_padding=&#8221;90px||90px||true&#8221; animation_style=&#8221;zoom&#8221; animation_duration=&#8221;2000ms&#8221; animation_intensity_zoom=&#8221;4%&#8221; subhead_font_size_tablet=&#8221;&#8221; subhead_font_size_phone=&#8221;50px&#8221; subhead_font_size_last_edited=&#8221;on|desktop&#8221; box_shadow_style_image=&#8221;preset1&#8243; button_one_border_radius_hover=&#8221;100px&#8221; button_one_bg_color_hover=&#8221;#cc8d66&#8243; button_two_bg_color_hover=&#8221;#d29f68&#8243; global_colors_info=&#8221;{}&#8221; button_one_text_size__hover_enabled=&#8221;off&#8221; button_two_text_size__hover_enabled=&#8221;off&#8221; button_one_text_color__hover_enabled=&#8221;off&#8221; button_two_text_color__hover_enabled=&#8221;off&#8221; button_one_border_width__hover_enabled=&#8221;off&#8221; button_two_border_width__hover_enabled=&#8221;off&#8221; button_one_border_color__hover_enabled=&#8221;off&#8221; button_two_border_color__hover_enabled=&#8221;off&#8221; button_one_border_radius__hover_enabled=&#8221;on&#8221; button_one_border_radius__hover=&#8221;100px&#8221; button_two_border_radius__hover_enabled=&#8221;off&#8221; button_one_letter_spacing__hover_enabled=&#8221;off&#8221; button_two_letter_spacing__hover_enabled=&#8221;off&#8221; button_one_bg_color__hover_enabled=&#8221;on&#8221; button_one_bg_color__hover=&#8221;#cc8d66&#8243; button_two_bg_color__hover_enabled=&#8221;on&#8221; button_two_bg_color__hover=&#8221;#d29f68&#8243;][\/et_pb_fullwidth_header][\/et_pb_section][et_pb_section fb_built=&#8221;1&#8243; admin_label=&#8221;Listings&#8221; _builder_version=&#8221;4.16&#8243; custom_padding=&#8221;17px||0||false|false&#8221; animation_style=&#8221;fade&#8221; animation_delay=&#8221;200ms&#8221; global_colors_info=&#8221;{}&#8221;][et_pb_row column_structure=&#8221;3_5,2_5&#8243; admin_label=&#8221;About Row&#8221; _builder_version=&#8221;4.16&#8243; custom_padding=&#8221;||10px|||&#8221; locked=&#8221;off&#8221; global_colors_info=&#8221;{}&#8221;][et_pb_column type=&#8221;3_5&#8243; _builder_version=&#8221;4.16&#8243; custom_padding=&#8221;|||&#8221; global_colors_info=&#8221;{}&#8221; custom_padding__hover=&#8221;|||&#8221;][et_pb_text _builder_version=&#8221;4.27.4&#8243; text_font=&#8221;Lora||||||||&#8221; text_font_size=&#8221;18px&#8221; text_line_height=&#8221;2em&#8221; link_font=&#8221;||||||||&#8221; ul_font=&#8221;||||||||&#8221; ol_font=&#8221;||||||||&#8221; quote_font=&#8221;||||||||&#8221; header_font=&#8221;||||||||&#8221; header_2_font=&#8221;Lora|700|||||||&#8221; header_2_font_size=&#8221;50px&#8221; header_2_line_height=&#8221;1.5em&#8221; header_3_font=&#8221;Lora|700|||||||&#8221; header_3_font_size=&#8221;42px&#8221; header_3_line_height=&#8221;1.5em&#8221; header_5_font=&#8221;Oswald|||on|||||&#8221; header_5_text_color=&#8221;rgba(0,0,0,0.4)&#8221; header_5_font_size=&#8221;20px&#8221; header_5_letter_spacing=&#8221;3px&#8221; max_width=&#8221;629px&#8221; max_width_tablet=&#8221;&#8221; max_width_phone=&#8221;&#8221; max_width_last_edited=&#8221;on|phone&#8221; custom_margin_tablet=&#8221;|70px||70px&#8221; custom_margin_phone=&#8221;|50px||50px&#8221; custom_margin_last_edited=&#8221;off|desktop&#8221; text_line_height_last_edited=&#8221;off|desktop&#8221; global_colors_info=&#8221;{}&#8221;]<\/p>\n<h3><span>Dokumenty do pobrania:<\/span><\/h3>\n<ul>\n<li><a href=\"https:\/\/schronisko-slupsk.pl\/wp-content\/uploads\/docs\/regulamin_wolontariatu_2024.pdf\" target=\"_blank\" rel=\"noopener noreferrer\">REGULAMIN WOLONTARIATU\u00a0W SCHRONISKU DLA ZWIERZ\u0104T\u00a0W S\u0141UPSKU<\/a><\/li>\n<li><a href=\"https:\/\/schronisko-slupsk.pl\/wp-content\/uploads\/2020\/01\/OFERTA_PRACY.pdf\" target=\"_blank\" rel=\"noopener noreferrer\">Oferta pracy dla wolontariuszy<\/a><\/li>\n<li><a href=\"https:\/\/schronisko-slupsk.pl\/wp-content\/uploads\/2020\/01\/formularz_dla_wolontariusza.pdf\" target=\"_blank\" rel=\"noopener noreferrer\">Formularz dla wolontariusza<\/a><\/li>\n<li><a href=\"https:\/\/schronisko-slupsk.pl\/wp-content\/uploads\/2020\/01\/wolontariusze_porozumienie.pdf\" target=\"_blank\" rel=\"noopener noreferrer\">Porozumienie o wykonywaniu \u015bwiadcze\u0144 wolontarystycznych<\/a><\/li>\n<li><a href=\"https:\/\/schronisko-slupsk.pl\/wp-content\/uploads\/2020\/01\/USTAWA.pdf\" target=\"_blank\" rel=\"noopener noreferrer\">USTAWA\u00a0z dnia 24 kwietnia 2003 r.\u00a0o dzia\u0142alno\u015bci po\u017cytku publicznego i o wolontariacie<\/a><\/li>\n<\/ul>\n<p>[\/et_pb_text][\/et_pb_column][et_pb_column type=&#8221;2_5&#8243; _builder_version=&#8221;4.16&#8243; custom_padding=&#8221;|||&#8221; global_colors_info=&#8221;{}&#8221; custom_padding__hover=&#8221;|||&#8221;][\/et_pb_column][\/et_pb_row][\/et_pb_section][et_pb_section fb_built=&#8221;1&#8243; specialty=&#8221;on&#8221; _builder_version=&#8221;4.27.4&#8243; custom_padding=&#8221;15px||14px|||&#8221; custom_width_px=&#8221;1440px&#8221; global_colors_info=&#8221;{}&#8221;][et_pb_column type=&#8221;3_4&#8243; specialty_columns=&#8221;3&#8243; _builder_version=&#8221;4.16&#8243; custom_padding=&#8221;|||&#8221; global_colors_info=&#8221;{}&#8221; custom_padding__hover=&#8221;|||&#8221;][et_pb_row_inner column_structure=&#8221;1_3,1_3,1_3&#8243; _builder_version=&#8221;4.27.4&#8243; custom_padding=&#8221;15.5px|0px|0|0px|false|false&#8221; global_colors_info=&#8221;{}&#8221;][et_pb_column_inner type=&#8221;1_3&#8243; saved_specialty_column_type=&#8221;3_4&#8243; _builder_version=&#8221;4.16&#8243; custom_padding=&#8221;|||&#8221; global_colors_info=&#8221;{}&#8221; custom_padding__hover=&#8221;|||&#8221;][et_pb_image src=&#8221;https:\/\/schronisko-slupsk.pl\/wp-content\/uploads\/2025\/07\/doda3.jpg&#8221; title_text=&#8221;doda3&#8243; _builder_version=&#8221;4.27.4&#8243; width=&#8221;72%&#8221; max_width=&#8221;93%&#8221; min_height=&#8221;100px&#8221; custom_padding=&#8221;0px|||||&#8221; global_colors_info=&#8221;{}&#8221;][\/et_pb_image][\/et_pb_column_inner][et_pb_column_inner type=&#8221;1_3&#8243; saved_specialty_column_type=&#8221;3_4&#8243; _builder_version=&#8221;4.16&#8243; custom_padding=&#8221;|||&#8221; global_colors_info=&#8221;{}&#8221; custom_padding__hover=&#8221;|||&#8221;][et_pb_image src=&#8221;https:\/\/schronisko-slupsk.pl\/wp-content\/uploads\/2025\/06\/minos1.jpg&#8221; title_text=&#8221;minos11&#8243; _builder_version=&#8221;4.27.4&#8243; _module_preset=&#8221;default&#8221; global_colors_info=&#8221;{}&#8221;][\/et_pb_image][\/et_pb_column_inner][et_pb_column_inner type=&#8221;1_3&#8243; saved_specialty_column_type=&#8221;3_4&#8243; _builder_version=&#8221;4.16&#8243; custom_padding=&#8221;|||&#8221; global_colors_info=&#8221;{}&#8221; custom_padding__hover=&#8221;|||&#8221;][et_pb_image src=&#8221;https:\/\/schronisko-slupsk.pl\/wp-content\/uploads\/2025\/06\/vento5.jpg&#8221; title_text=&#8221;vento5&#8243; _builder_version=&#8221;4.27.4&#8243; _module_preset=&#8221;default&#8221; global_colors_info=&#8221;{}&#8221;][\/et_pb_image][\/et_pb_column_inner][\/et_pb_row_inner][\/et_pb_column][et_pb_column type=&#8221;1_4&#8243; _builder_version=&#8221;4.16&#8243; custom_padding=&#8221;|||&#8221; global_colors_info=&#8221;{}&#8221; custom_padding__hover=&#8221;|||&#8221;][et_pb_text _builder_version=&#8221;4.20.2&#8243; text_font=&#8221;Lora||||||||&#8221; text_font_size=&#8221;16px&#8221; text_line_height=&#8221;2em&#8221; header_font=&#8221;||||||||&#8221; header_2_font=&#8221;||||||||&#8221; header_3_font=&#8221;Lora|700|||||||&#8221; header_3_font_size=&#8221;40px&#8221; header_3_line_height=&#8221;1.5em&#8221; header_4_font=&#8221;Lora|700|||||||&#8221; header_4_font_size=&#8221;17px&#8221; header_4_line_height=&#8221;1.5em&#8221; header_5_font=&#8221;||||||||&#8221; header_6_font=&#8221;||||||||&#8221; max_width=&#8221;600px&#8221; module_alignment=&#8221;center&#8221; custom_padding=&#8221;30px||||false&#8221; animation_style=&#8221;fade&#8221; text_line_height_last_edited=&#8221;off|desktop&#8221; header_2_font_size_phone=&#8221;36px&#8221; header_2_font_size_last_edited=&#8221;off|desktop&#8221; header_3_font_size_tablet=&#8221;&#8221; header_3_font_size_phone=&#8221;36px&#8221; header_3_font_size_last_edited=&#8221;on|desktop&#8221; locked=&#8221;off&#8221; global_colors_info=&#8221;{}&#8221;]<\/p>\n<h4 style=\"text-align: center;\">Godziny pracy wolontariuszy:<\/h4>\n<p style=\"text-align: center;\"><strong>Poniedzia\u0142ek: 15.00-16.30<\/strong><\/p>\n<p style=\"text-align: center;\"><strong>Wtorek-Pi\u0105tek: 11:00-16:30<\/strong><\/p>\n<p style=\"text-align: center;\"><strong><\/strong><strong>Sobota-Niedziela:\u00a0 <\/strong><strong>11:00-14:30<\/strong><\/p>\n<p>[\/et_pb_text][\/et_pb_column][\/et_pb_section][et_pb_section fb_built=&#8221;1&#8243; specialty=&#8221;on&#8221; _builder_version=&#8221;4.27.4&#8243; custom_padding=&#8221;15px||14px|||&#8221; custom_width_px=&#8221;1440px&#8221; global_colors_info=&#8221;{}&#8221;][et_pb_column type=&#8221;3_4&#8243; specialty_columns=&#8221;3&#8243; _builder_version=&#8221;4.16&#8243; custom_padding=&#8221;|||&#8221; global_colors_info=&#8221;{}&#8221; custom_padding__hover=&#8221;|||&#8221;][et_pb_row_inner column_structure=&#8221;1_3,1_3,1_3&#8243; _builder_version=&#8221;4.27.4&#8243; custom_padding=&#8221;15.5px|0px|0|0px|false|false&#8221; global_colors_info=&#8221;{}&#8221;][et_pb_column_inner type=&#8221;1_3&#8243; saved_specialty_column_type=&#8221;3_4&#8243; _builder_version=&#8221;4.16&#8243; custom_padding=&#8221;|||&#8221; global_colors_info=&#8221;{}&#8221; custom_padding__hover=&#8221;|||&#8221;][et_pb_image src=&#8221;https:\/\/schronisko-slupsk.pl\/wp-content\/uploads\/2025\/06\/aslan4.jpg&#8221; title_text=&#8221;aslan4&#8243; _builder_version=&#8221;4.27.4&#8243; width=&#8221;100%&#8221; max_width=&#8221;100%&#8221; min_height=&#8221;168px&#8221; custom_padding=&#8221;0px|||||&#8221; global_colors_info=&#8221;{}&#8221;][\/et_pb_image][\/et_pb_column_inner][et_pb_column_inner type=&#8221;1_3&#8243; saved_specialty_column_type=&#8221;3_4&#8243; _builder_version=&#8221;4.16&#8243; custom_padding=&#8221;|||&#8221; global_colors_info=&#8221;{}&#8221; custom_padding__hover=&#8221;|||&#8221;][et_pb_image src=&#8221;https:\/\/schronisko-slupsk.pl\/wp-content\/uploads\/2025\/06\/iskierka.jpg&#8221; title_text=&#8221;iskierka7&#8243; _builder_version=&#8221;4.27.4&#8243; _module_preset=&#8221;default&#8221; global_colors_info=&#8221;{}&#8221;][\/et_pb_image][\/et_pb_column_inner][et_pb_column_inner type=&#8221;1_3&#8243; saved_specialty_column_type=&#8221;3_4&#8243; _builder_version=&#8221;4.16&#8243; custom_padding=&#8221;|||&#8221; global_colors_info=&#8221;{}&#8221; custom_padding__hover=&#8221;|||&#8221;][et_pb_image src=&#8221;https:\/\/schronisko-slupsk.pl\/wp-content\/uploads\/2025\/06\/foczka4.jpg&#8221; title_text=&#8221;foczka4&#8243; _builder_version=&#8221;4.27.4&#8243; _module_preset=&#8221;default&#8221; global_colors_info=&#8221;{}&#8221;][\/et_pb_image][\/et_pb_column_inner][\/et_pb_row_inner][\/et_pb_column][et_pb_column type=&#8221;1_4&#8243; _builder_version=&#8221;4.16&#8243; custom_padding=&#8221;|||&#8221; global_colors_info=&#8221;{}&#8221; custom_padding__hover=&#8221;|||&#8221;][\/et_pb_column][\/et_pb_section][et_pb_section fb_built=&#8221;1&#8243; fullwidth=&#8221;on&#8221; _builder_version=&#8221;4.27.4&#8243; _module_preset=&#8221;default&#8221; background_color=&#8221;#000000&#8243; global_module=&#8221;3591&#8243; saved_tabs=&#8221;all&#8221; global_colors_info=&#8221;{}&#8221;][et_pb_fullwidth_image src=&#8221;https:\/\/schronisko-slupsk.pl\/wp-content\/uploads\/2025\/03\/pomoc.jpg&#8221; title_text=&#8221;pomoc&#8221; _builder_version=&#8221;4.27.4&#8243; _module_preset=&#8221;default&#8221; global_colors_info=&#8221;{}&#8221;][\/et_pb_fullwidth_image][\/et_pb_section]<\/p>\n","protected":false},"excerpt":{"rendered":"<p>Dokumenty do pobrania: REGULAMIN WOLONTARIATU\u00a0W SCHRONISKU DLA ZWIERZ\u0104T\u00a0W S\u0141UPSKU Oferta pracy dla wolontariuszy Formularz dla wolontariusza Porozumienie o wykonywaniu \u015bwiadcze\u0144 wolontarystycznych USTAWA\u00a0z dnia 24 kwietnia 2003 r.\u00a0o dzia\u0142alno\u015bci po\u017cytku publicznego i o wolontariacie Godziny pracy wolontariuszy: Poniedzia\u0142ek: 15.00-16.30 Wtorek-Pi\u0105tek: 11:00-16:30 Sobota-Niedziela:\u00a0 11:00-14:30<\/p>\n","protected":false},"author":2,"featured_media":0,"parent":0,"menu_order":0,"comment_status":"closed","ping_status":"closed","template":"","meta":{"_et_pb_use_builder":"on","_et_pb_old_content":"","_et_gb_content_width":"","footnotes":""},"class_list":["post-332","page","type-page","status-publish","hentry"],"_links":{"self":[{"href":"https:\/\/schronisko-slupsk.pl\/index.php\/wp-json\/wp\/v2\/pages\/332","targetHints":{"allow":["GET"]}}],"collection":[{"href":"https:\/\/schronisko-slupsk.pl\/index.php\/wp-json\/wp\/v2\/pages"}],"about":[{"href":"https:\/\/schronisko-slupsk.pl\/index.php\/wp-json\/wp\/v2\/types\/page"}],"author":[{"embeddable":true,"href":"https:\/\/schronisko-slupsk.pl\/index.php\/wp-json\/wp\/v2\/users\/2"}],"replies":[{"embeddable":true,"href":"https:\/\/schronisko-slupsk.pl\/index.php\/wp-json\/wp\/v2\/comments?post=332"}],"version-history":[{"count":5,"href":"https:\/\/schronisko-slupsk.pl\/index.php\/wp-json\/wp\/v2\/pages\/332\/revisions"}],"predecessor-version":[{"id":6128,"href":"https:\/\/schronisko-slupsk.pl\/index.php\/wp-json\/wp\/v2\/pages\/332\/revisions\/6128"}],"wp:attachment":[{"href":"https:\/\/schronisko-slupsk.pl\/index.php\/wp-json\/wp\/v2\/media?parent=332"}],"curies":[{"name":"wp","href":"https:\/\/api.w.org\/{rel}","templated":true}]}}