{"id":3,"date":"2019-11-26T10:56:48","date_gmt":"2019-11-26T09:56:48","guid":{"rendered":"https:\/\/schronisko-slupsk.pl\/?page_id=3"},"modified":"2025-03-05T11:24:10","modified_gmt":"2025-03-05T10:24:10","slug":"polityka-prywatnosci","status":"publish","type":"page","link":"https:\/\/schronisko-slupsk.pl\/index.php\/polityka-prywatnosci\/","title":{"rendered":"RODO"},"content":{"rendered":"<p>[et_pb_section fb_built=&#8221;1&#8243; fullwidth=&#8221;on&#8221; next_background_color=&#8221;#ffffff&#8221; admin_label=&#8221;Header Section&#8221; _builder_version=&#8221;4.16&#8243; background_color=&#8221;#000000&#8243; bottom_divider_style=&#8221;ramp&#8221; bottom_divider_flip=&#8221;horizontal&#8221; locked=&#8221;off&#8221; global_colors_info=&#8221;{}&#8221;][et_pb_fullwidth_header subhead=&#8221;Bezpiecze\u0144stwo danych&#8221; text_orientation=&#8221;center&#8221; button_one_url=&#8221;mailto:schronisko.slupsk@poczta.onet.pl&#8221; content_max_width=&#8221;640px&#8221; _builder_version=&#8221;4.16&#8243; title_font=&#8221;Oswald|||on|||||&#8221; title_font_size=&#8221;20px&#8221; title_letter_spacing=&#8221;3px&#8221; title_line_height=&#8221;1.5em&#8221; content_font=&#8221;Lora||||||||&#8221; content_font_size=&#8221;22px&#8221; content_line_height=&#8221;2em&#8221; subhead_font=&#8221;Lora|700|||||||&#8221; subhead_font_size=&#8221;60px&#8221; subhead_line_height=&#8221;1.5em&#8221; background_color=&#8221;rgba(255,255,255,0)&#8221; background_image=&#8221;https:\/\/schronisko-slupsk.pl\/wp-content\/uploads\/2020\/01\/computer-3233754_1920.jpg&#8221; parallax=&#8221;on&#8221; parallax_method=&#8221;on&#8221; custom_button_one=&#8221;on&#8221; button_one_text_size=&#8221;16px&#8221; button_one_text_color=&#8221;#ffffff&#8221; button_one_bg_color=&#8221;#d29f68&#8243; button_one_border_width=&#8221;15px&#8221; button_one_border_color=&#8221;rgba(210,159,104,0)&#8221; button_one_border_radius=&#8221;100px&#8221; button_one_letter_spacing=&#8221;3px&#8221; button_one_font=&#8221;Oswald|||on|||||&#8221; button_one_use_icon=&#8221;off&#8221; custom_button_two=&#8221;on&#8221; button_two_text_size=&#8221;16px&#8221; button_two_text_color=&#8221;#ffffff&#8221; button_two_bg_color=&#8221;rgba(255,255,255,0.35)&#8221; button_two_border_width=&#8221;15px&#8221; button_two_border_color=&#8221;rgba(0,0,0,0)&#8221; button_two_border_radius=&#8221;100px&#8221; button_two_letter_spacing=&#8221;3px&#8221; button_two_font=&#8221;Oswald|||on|||||&#8221; button_two_use_icon=&#8221;off&#8221; custom_margin=&#8221;|||&#8221; custom_padding=&#8221;59px||59px||true|&#8221; animation_style=&#8221;zoom&#8221; animation_duration=&#8221;2000ms&#8221; animation_intensity_zoom=&#8221;4%&#8221; subhead_font_size_tablet=&#8221;&#8221; subhead_font_size_phone=&#8221;50px&#8221; subhead_font_size_last_edited=&#8221;on|desktop&#8221; button_one_border_radius_hover=&#8221;100px&#8221; button_one_bg_color_hover=&#8221;#cc8d66&#8243; button_two_bg_color_hover=&#8221;#d29f68&#8243; global_colors_info=&#8221;{}&#8221; button_one_text_size__hover_enabled=&#8221;off&#8221; button_two_text_size__hover_enabled=&#8221;off&#8221; button_one_text_color__hover_enabled=&#8221;off&#8221; button_two_text_color__hover_enabled=&#8221;off&#8221; button_one_border_width__hover_enabled=&#8221;off&#8221; button_two_border_width__hover_enabled=&#8221;off&#8221; button_one_border_color__hover_enabled=&#8221;off&#8221; button_two_border_color__hover_enabled=&#8221;off&#8221; button_one_border_radius__hover_enabled=&#8221;on&#8221; button_one_border_radius__hover=&#8221;100px&#8221; button_two_border_radius__hover_enabled=&#8221;off&#8221; button_one_letter_spacing__hover_enabled=&#8221;off&#8221; button_two_letter_spacing__hover_enabled=&#8221;off&#8221; button_one_bg_color__hover_enabled=&#8221;on&#8221; button_one_bg_color__hover=&#8221;#cc8d66&#8243; button_two_bg_color__hover_enabled=&#8221;on&#8221; button_two_bg_color__hover=&#8221;#d29f68&#8243;][\/et_pb_fullwidth_header][\/et_pb_section][et_pb_section fb_built=&#8221;1&#8243; _builder_version=&#8221;4.16&#8243; custom_padding=&#8221;4px||13px|||&#8221; global_colors_info=&#8221;{}&#8221;][et_pb_row _builder_version=&#8221;4.16&#8243; global_colors_info=&#8221;{}&#8221;][et_pb_column type=&#8221;4_4&#8243; _builder_version=&#8221;4.16&#8243; global_colors_info=&#8221;{}&#8221;][et_pb_accordion _builder_version=&#8221;4.16&#8243; border_radii=&#8221;on|20px|20px|20px|20px&#8221; global_colors_info=&#8221;{}&#8221;][et_pb_accordion_item title=&#8221;Informacja RODO&#8221; open=&#8221;on&#8221; open_toggle_text_color=&#8221;#e09900&#8243; open_toggle_background_color=&#8221;#474747&#8243; closed_toggle_text_color=&#8221;#e09900&#8243; closed_toggle_background_color=&#8221;#d6d6d6&#8243; _builder_version=&#8221;4.16&#8243; body_text_color=&#8221;#ffffff&#8221; global_colors_info=&#8221;{}&#8221; toggle_font=&#8221;|700|||||||&#8221; closed_toggle_font=&#8221;|700|||||||&#8221;]<\/p>\n<p>W zwi\u0105zku z tym, \u017ce od 25 maja 2018 r. ma zastosowanie Rozporz\u0105dzenie Parlamentu Europejskiego i Rady (UE) 2016\/679 z dnia 27 kwietnia 2016 r. w sprawie ochrony os\u00f3b fizycznych w zwi\u0105zku z przetwarzaniem danych osobowych i w sprawie swobodnego przep\u0142ywu takich danych oraz uchylenia dyrektywy 95\/46\/WE (og\u00f3lne rozporz\u0105dzenie o ochronie danych), poni\u017cej umieszczamy informacje dotycz\u0105ce danych osobowych.<\/p>\n<p>Wiadomo\u015b\u0107 publikujemy jedynie w celach informacyjnych, nie jest wymagane od Pani\/Pana \u017cadne dzia\u0142anie lub kontakt z Towarzystwem Opieki nad Zwierz\u0119tami w Polsce Oddzia\u0142 w S\u0142upsku.<\/p>\n<p>Informujemy, \u017ce Administratorem danych osobowych jest Towarzystwem Opieki nad Zwierz\u0119tami w Polsce Oddzia\u0142 w S\u0142upsku (ul. W\u0142odkowica , 76-200 S\u0142upsk, NIP: 5261737771, KRS: 0000154454 , REGON: 00702566400000 ). Z Administratorem mo\u017cna kontaktowa\u0107 si\u0119 za pomoc\u0105 poczty elektronicznej: schronisko.slupsk@poczta.onet.pl lub w formie poczty tradycyjnej na adres stowarzyszenia.<\/p>\n<p>Dane osobowe b\u0119d\u0105 wykorzystywane przez Stowarzyszenie w celu realizacji zada\u0144 statutowych Stowarzyszenia, w szczeg\u00f3lno\u015bci w celu przekazywania informacji o organizowanych i promowanych wydarzeniach oraz w celach kontaktowych.<\/p>\n<p>Podanie danych osobowych jest dobrowolne i w ka\u017cdej chwili zgod\u0119 na przetwarzanie danych mo\u017cna cofn\u0105\u0107 kieruj\u0105c wniosek na adres e-mail: schronisko.slupsk@poczta.onet.pl<\/p>\n<p>Dane osobowe mog\u0105 by\u0107 udost\u0119pniane przez Towarzystwo Opieki nad Zwierz\u0119tami w Polsce Oddzia\u0142 w S\u0142upsku upowa\u017cnionym pracownikom, podmiotom przetwarzaj\u0105cym je na nasze zlecenie oraz podmiotom upowa\u017cnionym do uzyskania informacji na podstawie przepis\u00f3w prawa.<\/p>\n<p>Pa\u0144stwa dane osobowe b\u0119d\u0105 przez nas przechowywane do momentu cofni\u0119cia przez Pa\u0144stwa zgody na ich przetwarzanie lub zg\u0142oszenia sprzeciwu wobec ich przetwarzania.<\/p>\n<p>Podane przez Pa\u0144stwa dane osobowe nie b\u0119d\u0105 udost\u0119pniane innym odbiorcom. Podane przez Pa\u0144stwa dane osobowe nie b\u0119d\u0105 przekazywane do pa\u0144stwa trzeciego.<\/p>\n<p>Posiadaj\u0105 Pa\u0144stwo prawo dost\u0119pu do tre\u015bci swoich danych oraz prawo ich sprostowania, usuni\u0119cia, ograniczenia przetwarzania, prawo do przenoszenia danych, prawo wniesienia sprzeciwu, prawo do cofni\u0119cia ewentualnej zgody w dowolnym momencie bez wp\u0142ywu na zgodno\u015b\u0107 z prawem przetwarzania, kt\u00f3rego dokonano na podstawie zgody przed jej cofni\u0119ciem.<\/p>\n<p>Posiadaj\u0105 Pa\u0144stwo prawo wniesienia skargi do organu nadzorczego, gdy uznaj\u0105 Pa\u0144stwo, i\u017c przetwarzanie danych osobowych, kt\u00f3re Pa\u0144stwa dotycz\u0105 narusza przepisy og\u00f3lnego rozporz\u0105dzenia o ochronie danych osobowych z dnia 27 kwietnia 2016 r.<\/p>\n<p>W przypadku braku zgody na przesy\u0142anie do Pa\u0144stwa wiadomo\u015bci, od 25 maja br. nie b\u0119dziemy mogli wys\u0142a\u0107 do Pa\u0144stwa \u017cadnej korespondencji.<\/p>\n<p>W przypadku ch\u0119ci zg\u0142oszenia braku zgody na wysy\u0142anie korespondencji, prosimy o przes\u0142anie odpowiedzi na adres schronisko.slupsk@poczta.onet.pl z tre\u015bci\u0105:<\/p>\n<p>BRAK ZGODY.<\/p>\n<p>Pozdrawiamy<\/p>\n<p>Towarzystwo Opieki nad Zwierz\u0119tami w Polsce Oddzia\u0142 w S\u0142upsku<\/p>\n<p>[\/et_pb_accordion_item][et_pb_accordion_item title=&#8221;Polityka prywatno\u015bci&#8221; open_toggle_text_color=&#8221;#e09900&#8243; open_toggle_background_color=&#8221;#474747&#8243; closed_toggle_text_color=&#8221;#e09900&#8243; closed_toggle_background_color=&#8221;#d6d6d6&#8243; _builder_version=&#8221;4.16&#8243; body_text_color=&#8221;#ffffff&#8221; global_colors_info=&#8221;{}&#8221; toggle_font=&#8221;|700|||||||&#8221; closed_toggle_font=&#8221;|700|||||||&#8221; open=&#8221;off&#8221;]<\/p>\n<p><strong>Kim jeste\u015bmy<\/strong><br \/>Adres naszej strony internetowej to: http:\/\/www.schronisko.slupsk.pl<\/p>\n<p>Administratorem danych osobowych jest Towarzystwem Opieki nad Zwierz\u0119tami w Polsce Oddzia\u0142 w S\u0142upsku (ul. W\u0142odkowica , 76-200 S\u0142upsk, NIP: 5261737771, KRS: 0000154454 , REGON: 00702566400000 ).<br \/>Z Administratorem mo\u017cna kontaktowa\u0107 si\u0119 za pomoc\u0105 poczty elektronicznej: schronisko.slupsk@poczta.onet.pl lub w formie poczty tradycyjnej na adres stowarzyszenia.<\/p>\n<p><span style=\"text-decoration: underline;\"><strong>Jakie dane osobiste zbieramy i dlaczego je zbieramy<\/strong><\/span><br \/><strong>Ciasteczka<\/strong><br \/>Je\u015bli zostawisz na naszej witrynie komentarz, b\u0119dziesz m\u00f3g\u0142 wybra\u0107 opcj\u0119 zapisu twojej nazwy, adresu email i adresu strony internetowej w ciasteczkach, dzi\u0119ki kt\u00f3rym podczas pisania kolejnych komentarzy powy\u017csze informacje b\u0119d\u0105 ju\u017c dogodnie uzupe\u0142nione. Te ciasteczka wygasaj\u0105 po roku.<\/p>\n<p>Je\u015bli masz konto i zalogujesz si\u0119 na tej witrynie, utworzymy tymczasowe ciasteczko na potrzeby sprawdzenia czy twoja przegl\u0105darka akceptuje ciasteczka. To ciasteczko nie zawiera \u017cadnych danych osobistych i zostanie wyrzucone kiedy zamkniesz przegl\u0105dark\u0119.<\/p>\n<p>Podczas logowania tworzymy dodatkowo kilka ciasteczek potrzebnych do zapisu twoich informacji logowania oraz wybranych opcji ekranu. Ciasteczka logowania wygasaj\u0105 po dw\u00f3ch dniach, a opcji ekranu po roku. Je\u015bli zaznaczysz opcj\u0119 \u201ePami\u0119taj mnie\u201d, logowanie wyga\u015bnie po dw\u00f3ch tygodniach. Je\u015bli wylogujesz si\u0119 ze swojego konta, ciasteczka logowania zostan\u0105 usuni\u0119te.<\/p>\n<p>Je\u015bli zmodyfikujesz albo opublikujesz artyku\u0142, w twojej przegl\u0105darce zostanie zapisane dodatkowe ciasteczko. To ciasteczko nie zawiera \u017cadnych danych osobistych, wskazuj\u0105c po prostu na identyfikator przed chwil\u0105 edytowanego artyku\u0142u. Wygasa ono po 1 dniu.<\/p>\n<p>Informujemy, \u017ce istnieje mo\u017cliwo\u015b\u0107 okre\u015blenia przez u\u017cytkownika serwisu warunk\u00f3w przechowywania lub uzyskiwania dost\u0119pu do informacji zawartych w plikach cookies za pomoc\u0105 ustawie\u0144 przegl\u0105darki lub konfiguracji us\u0142ugi. Szczeg\u00f3\u0142owe informacje na ten temat dost\u0119pne s\u0105 u producenta przegl\u0105darki.<\/p>\n<p><strong>Osadzone tre\u015bci z innych witryn<\/strong><br \/>Artyku\u0142y na tej witrynie mog\u0105 zawiera\u0107 osadzone tre\u015bci (np. filmy, obrazki, artyku\u0142y itp.). Osadzone tre\u015bci z innych witryn zachowuj\u0105 si\u0119 analogicznie do tego, jakby u\u017cytkownik odwiedzi\u0142 bezpo\u015brednio konkretn\u0105 witryn\u0119.<\/p>\n<p>Witryny mog\u0105 zbiera\u0107 informacje o tobie, u\u017cywa\u0107 ciasteczek, do\u0142\u0105cza\u0107 dodatkowe, zewn\u0119trzne systemy \u015bledzenia i monitorowa\u0107 twoje interakcje z osadzonym materia\u0142em, w\u0142\u0105czaj\u0105c w to \u015bledzenie twoich interakcji z osadzonym materia\u0142em je\u015bli posiadasz konto i jeste\u015b zalogowany w tamtej witrynie.<\/p>\n<p><strong>Z kim dzielimy si\u0119 danymi<\/strong><br \/>Nie dzielimy si\u0119 danymi z innymi podmiotami.<\/p>\n<p><strong>Jak d\u0142ugo przechowujemy twoje dane<\/strong><br \/>Je\u015bli zostawisz komentarz, jego tre\u015b\u0107 i metadane b\u0119d\u0105 przechowywane przez czas nieokre\u015blony. Dzi\u0119ki temu jeste\u015bmy w stanie rozpoznawa\u0107 i zatwierdza\u0107 kolejne komentarze automatycznie, bez wysy\u0142ania ich do ka\u017cdorazowej moderacji.<\/p>\n<p>Dla u\u017cytkownik\u00f3w kt\u00f3rzy zarejestrowali si\u0119 na naszej stronie internetowej (je\u015bli tacy s\u0105), przechowujemy r\u00f3wnie\u017c informacje osobiste wprowadzone w profilu. Ka\u017cdy u\u017cytkownik mo\u017ce dokona\u0107 wgl\u0105du, korekty albo skasowa\u0107 swoje informacje osobiste w dowolnej chwili (nie licz\u0105c nazwy u\u017cytkownika, kt\u00f3rej nie mo\u017cna zmieni\u0107). Administratorzy strony r\u00f3wnie\u017c mog\u0105 przegl\u0105da\u0107 i modyfikowa\u0107 te informacje.<\/p>\n<p><strong>Jakie masz prawa do swoich danych<\/strong><br \/>Je\u015bli masz konto u\u017cytkownika albo doda\u0142e\u015b komentarze w tej witrynie, mo\u017cesz za\u017c\u0105da\u0107 dostarczenia pliku z wyeksportowanym kompletem twoich danych osobistych b\u0119d\u0105cych w naszym posiadaniu, w tym ca\u0142o\u015b\u0107 tych dostarczonych przez ciebie. Mo\u017cesz r\u00f3wnie\u017c za\u017c\u0105da\u0107 usuni\u0119cia przez nas ca\u0142o\u015bci twoich danych osobistych w naszym posiadaniu. Nie dotyczy to \u017cadnych danych kt\u00f3re jeste\u015bmy zobligowani zachowa\u0107 ze wzgl\u0119d\u00f3w administracyjnych, prawnych albo bezpiecze\u0144stwa.<\/p>\n<p><strong>Gdzie przesy\u0142amy dane<\/strong><br \/>Komentarze go\u015bci mog\u0105 by\u0107 sprawdzane za pomoc\u0105 automatycznej us\u0142ugi wykrywania spamu.<\/p>\n<p>[\/et_pb_accordion_item][\/et_pb_accordion][\/et_pb_column][\/et_pb_row][\/et_pb_section][et_pb_section fb_built=&#8221;1&#8243; fullwidth=&#8221;on&#8221; _builder_version=&#8221;4.27.4&#8243; _module_preset=&#8221;default&#8221; background_color=&#8221;#000000&#8243; global_colors_info=&#8221;{}&#8221; global_module=&#8221;3591&#8243; theme_builder_area=&#8221;post_content&#8221;][et_pb_fullwidth_image src=&#8221;https:\/\/schronisko-slupsk.pl\/wp-content\/uploads\/2025\/03\/pomoc.jpg&#8221; title_text=&#8221;pomoc&#8221; _builder_version=&#8221;4.27.4&#8243; _module_preset=&#8221;default&#8221; global_colors_info=&#8221;{}&#8221; theme_builder_area=&#8221;post_content&#8221;][\/et_pb_fullwidth_image][\/et_pb_section]<\/p>\n","protected":false},"excerpt":{"rendered":"<p>W zwi\u0105zku z tym, \u017ce od 25 maja 2018 r. ma zastosowanie Rozporz\u0105dzenie Parlamentu Europejskiego i Rady (UE) 2016\/679 z dnia 27 kwietnia 2016 r. w sprawie ochrony os\u00f3b fizycznych w zwi\u0105zku z przetwarzaniem danych osobowych i w sprawie swobodnego przep\u0142ywu takich danych oraz uchylenia dyrektywy 95\/46\/WE (og\u00f3lne rozporz\u0105dzenie o ochronie danych), poni\u017cej umieszczamy informacje [&hellip;]<\/p>\n","protected":false},"author":2,"featured_media":0,"parent":0,"menu_order":0,"comment_status":"closed","ping_status":"open","template":"","meta":{"_et_pb_use_builder":"on","_et_pb_old_content":"<!-- wp:heading -->\n<h2>Kim jeste\u015bmy<\/h2>\n<!-- \/wp:heading -->\n\n<!-- wp:paragraph -->\n<p>Adres naszej strony internetowej to: http:\/\/www.schronisko.slupsk.pl<\/p>\n<!-- \/wp:paragraph -->\n\n<!-- wp:paragraph -->\n<p>Administratorem danych osobowych jest Towarzystwem Opieki nad Zwierz\u0119tami w Polsce Oddzia\u0142 w S\u0142upsku (ul. W\u0142odkowica , 76-200 S\u0142upsk, NIP: 5261737771, KRS: 0000154454 , REGON: 00702566400000 ).<br>Z Administratorem mo\u017cna kontaktowa\u0107 si\u0119 za pomoc\u0105 poczty elektronicznej: schronisko.slupsk@poczta.onet.pl&nbsp;lub w formie poczty tradycyjnej na adres stowarzyszenia.<\/p>\n<!-- \/wp:paragraph -->\n\n<!-- wp:heading {\"level\":3} -->\n<h3>Ciasteczka<\/h3>\n<!-- \/wp:heading -->\n\n<!-- wp:paragraph -->\n<p>Je\u015bli zostawisz na naszej witrynie komentarz, b\u0119dziesz m\u00f3g\u0142 wybra\u0107 opcj\u0119 zapisu twojej nazwy, adresu email i adresu strony internetowej w ciasteczkach, dzi\u0119ki kt\u00f3rym podczas pisania kolejnych komentarzy powy\u017csze informacje b\u0119d\u0105 ju\u017c dogodnie uzupe\u0142nione. Te ciasteczka wygasaj\u0105 po roku.<\/p>\n<!-- \/wp:paragraph -->\n\n<!-- wp:paragraph -->\n<p>Je\u015bli odwiedzisz stron\u0119 logowania, utworzymy tymczasowe ciasteczko na potrzeby sprawdzenia czy twoja przegl\u0105darka akceptuje ciasteczka. To ciasteczko nie zawiera \u017cadnych danych osobistych i zostanie wyrzucone, kiedy zamkniesz przegl\u0105dark\u0119.<\/p>\n<!-- \/wp:paragraph -->\n\n<!-- wp:paragraph -->\n<p>Podczas logowania tworzymy dodatkowo kilka ciasteczek potrzebnych do zapisu twoich informacji logowania oraz wybranych opcji ekranu. Ciasteczka logowania wygasaj\u0105 po dw\u00f3ch dniach, a opcji ekranu po roku. Je\u015bli zaznaczysz opcj\u0119 \u201ePami\u0119taj mnie\u201d, logowanie wyga\u015bnie po dw\u00f3ch tygodniach. Je\u015bli wylogujesz si\u0119 ze swojego konta, ciasteczka logowania zostan\u0105 usuni\u0119te.<\/p>\n<!-- \/wp:paragraph -->\n\n<!-- wp:paragraph -->\n<p>Je\u015bli zmodyfikujesz albo opublikujesz artyku\u0142, w twojej przegl\u0105darce zostanie zapisane dodatkowe ciasteczko. To ciasteczko nie zawiera \u017cadnych danych osobistych, wskazuj\u0105c po prostu na identyfikator przed chwil\u0105 edytowanego artyku\u0142u. Wygasa ono po 1 dniu.<\/p>\n<!-- \/wp:paragraph -->\n\n<!-- wp:heading {\"level\":3} -->\n<h3>Osadzone tre\u015bci z innych witryn<\/h3>\n<!-- \/wp:heading -->\n\n<!-- wp:paragraph -->\n<p>Artyku\u0142y na tej witrynie mog\u0105 zawiera\u0107 osadzone tre\u015bci (np. filmy, obrazki, artyku\u0142y itp.). Osadzone tre\u015bci z innych witryn zachowuj\u0105 si\u0119 analogicznie do tego, jakby u\u017cytkownik odwiedzi\u0142 bezpo\u015brednio konkretn\u0105 witryn\u0119.<\/p>\n<!-- \/wp:paragraph -->\n\n<!-- wp:paragraph -->\n<p>Witryny mog\u0105 zbiera\u0107 informacje o tobie, u\u017cywa\u0107 ciasteczek, do\u0142\u0105cza\u0107 dodatkowe, zewn\u0119trzne systemy \u015bledzenia i monitorowa\u0107 twoje interakcje z osadzonym materia\u0142em, w\u0142\u0105czaj\u0105c w to \u015bledzenie twoich interakcji z osadzonym materia\u0142em je\u015bli posiadasz konto i jeste\u015b zalogowany w tamtej witrynie.<\/p>\n<!-- \/wp:paragraph -->\n\n<!-- wp:heading -->\n<h2>Z kim dzielimy si\u0119 danymi<\/h2>\n<!-- \/wp:heading -->\n\n<!-- wp:paragraph -->\n<p> Nie dzielimy si\u0119 danymi z innymi podmiotami.&nbsp; <\/p>\n<!-- \/wp:paragraph -->\n\n<!-- wp:heading -->\n<h2>Jak d\u0142ugo przechowujemy twoje dane<\/h2>\n<!-- \/wp:heading -->\n\n<!-- wp:paragraph -->\n<p>Je\u015bli zostawisz komentarz, jego tre\u015b\u0107 i metadane b\u0119d\u0105 przechowywane przez czas nieokre\u015blony. Dzi\u0119ki temu jeste\u015bmy w stanie rozpoznawa\u0107 i zatwierdza\u0107 kolejne komentarze automatycznie, bez wysy\u0142ania ich do ka\u017cdorazowej moderacji.<\/p>\n<!-- \/wp:paragraph -->\n\n<!-- wp:paragraph -->\n<p>Dla u\u017cytkownik\u00f3w kt\u00f3rzy zarejestrowali si\u0119 na naszej stronie internetowej (je\u015bli tacy s\u0105), przechowujemy r\u00f3wnie\u017c informacje osobiste wprowadzone w profilu. Ka\u017cdy u\u017cytkownik mo\u017ce dokona\u0107 wgl\u0105du, korekty albo skasowa\u0107 swoje informacje osobiste w dowolnej chwili (nie licz\u0105c nazwy u\u017cytkownika, kt\u00f3rej nie mo\u017cna zmieni\u0107). Administratorzy strony r\u00f3wnie\u017c mog\u0105 przegl\u0105da\u0107 i modyfikowa\u0107 te informacje.<\/p>\n<!-- \/wp:paragraph -->\n\n<!-- wp:heading -->\n<h2>Jakie masz prawa do swoich danych<\/h2>\n<!-- \/wp:heading -->\n\n<!-- wp:paragraph -->\n<p>Je\u015bli masz konto u\u017cytkownika albo doda\u0142e\u015b komentarze w tej witrynie, mo\u017cesz za\u017c\u0105da\u0107 dostarczenia pliku z wyeksportowanym kompletem twoich danych osobistych b\u0119d\u0105cych w naszym posiadaniu, w tym ca\u0142o\u015b\u0107 tych dostarczonych przez ciebie. Mo\u017cesz r\u00f3wnie\u017c za\u017c\u0105da\u0107 usuni\u0119cia przez nas ca\u0142o\u015bci twoich danych osobistych w naszym posiadaniu. Nie dotyczy to \u017cadnych danych kt\u00f3re jeste\u015bmy zobligowani zachowa\u0107 ze wzgl\u0119d\u00f3w administracyjnych, prawnych albo bezpiecze\u0144stwa.<\/p>\n<!-- \/wp:paragraph -->\n\n<!-- wp:heading -->\n<h2>Gdzie przesy\u0142amy dane<\/h2>\n<!-- \/wp:heading -->\n\n<!-- wp:paragraph -->\n<p>Komentarze go\u015bci mog\u0105 by\u0107 sprawdzane za pomoc\u0105 automatycznej us\u0142ugi wykrywania spamu., <\/p>\n<!-- \/wp:paragraph -->","_et_gb_content_width":"","footnotes":""},"class_list":["post-3","page","type-page","status-publish","hentry"],"_links":{"self":[{"href":"https:\/\/schronisko-slupsk.pl\/index.php\/wp-json\/wp\/v2\/pages\/3","targetHints":{"allow":["GET"]}}],"collection":[{"href":"https:\/\/schronisko-slupsk.pl\/index.php\/wp-json\/wp\/v2\/pages"}],"about":[{"href":"https:\/\/schronisko-slupsk.pl\/index.php\/wp-json\/wp\/v2\/types\/page"}],"author":[{"embeddable":true,"href":"https:\/\/schronisko-slupsk.pl\/index.php\/wp-json\/wp\/v2\/users\/2"}],"replies":[{"embeddable":true,"href":"https:\/\/schronisko-slupsk.pl\/index.php\/wp-json\/wp\/v2\/comments?post=3"}],"version-history":[{"count":1,"href":"https:\/\/schronisko-slupsk.pl\/index.php\/wp-json\/wp\/v2\/pages\/3\/revisions"}],"predecessor-version":[{"id":3600,"href":"https:\/\/schronisko-slupsk.pl\/index.php\/wp-json\/wp\/v2\/pages\/3\/revisions\/3600"}],"wp:attachment":[{"href":"https:\/\/schronisko-slupsk.pl\/index.php\/wp-json\/wp\/v2\/media?parent=3"}],"curies":[{"name":"wp","href":"https:\/\/api.w.org\/{rel}","templated":true}]}}