{"id":1663,"date":"2023-10-13T14:37:12","date_gmt":"2023-10-13T12:37:12","guid":{"rendered":"https:\/\/schronisko-slupsk.pl\/?page_id=1663"},"modified":"2026-01-27T07:49:44","modified_gmt":"2026-01-27T06:49:44","slug":"nadchodzace-wydarzenia","status":"publish","type":"page","link":"https:\/\/schronisko-slupsk.pl\/index.php\/nadchodzace-wydarzenia\/","title":{"rendered":"Nadchodz\u0105ce wydarzenia"},"content":{"rendered":"<p>[et_pb_section fb_built=&#8221;1&#8243; fullwidth=&#8221;on&#8221; next_background_color=&#8221;#ffffff&#8221; admin_label=&#8221;Header Section&#8221; _builder_version=&#8221;4.16&#8243; background_color=&#8221;#000000&#8243; bottom_divider_style=&#8221;ramp&#8221; bottom_divider_flip=&#8221;horizontal&#8221; global_colors_info=&#8221;{}&#8221;][et_pb_fullwidth_header subhead=&#8221;Nadchodz\u0105ce wydarzenia&#8221; text_orientation=&#8221;center&#8221; content_max_width=&#8221;640px&#8221; _builder_version=&#8221;4.22.2&#8243; title_font=&#8221;Oswald|||on|||||&#8221; title_font_size=&#8221;20px&#8221; title_letter_spacing=&#8221;3px&#8221; title_line_height=&#8221;1.5em&#8221; content_font=&#8221;Lora||||||||&#8221; content_font_size=&#8221;22px&#8221; content_line_height=&#8221;2em&#8221; subhead_font=&#8221;Lora|700|||||||&#8221; subhead_font_size=&#8221;60px&#8221; subhead_line_height=&#8221;1.5em&#8221; background_color=&#8221;rgba(255,255,255,0)&#8221; background_image=&#8221;https:\/\/schronisko-slupsk.pl\/wp-content\/uploads\/2023\/10\/paper-3094347_1920.jpg&#8221; parallax=&#8221;on&#8221; parallax_method=&#8221;on&#8221; custom_button_one=&#8221;on&#8221; button_one_text_size=&#8221;16px&#8221; button_one_text_color=&#8221;#ffffff&#8221; button_one_bg_color=&#8221;#d29f68&#8243; button_one_border_width=&#8221;15px&#8221; button_one_border_color=&#8221;rgba(210,159,104,0)&#8221; button_one_border_radius=&#8221;100px&#8221; button_one_letter_spacing=&#8221;3px&#8221; button_one_font=&#8221;Oswald|||on|||||&#8221; button_one_use_icon=&#8221;off&#8221; custom_button_two=&#8221;on&#8221; button_two_text_size=&#8221;16px&#8221; button_two_text_color=&#8221;#ffffff&#8221; button_two_bg_color=&#8221;rgba(255,255,255,0.35)&#8221; button_two_border_width=&#8221;15px&#8221; button_two_border_color=&#8221;rgba(0,0,0,0)&#8221; button_two_border_radius=&#8221;100px&#8221; button_two_letter_spacing=&#8221;3px&#8221; button_two_font=&#8221;Oswald|||on|||||&#8221; button_two_use_icon=&#8221;off&#8221; custom_margin=&#8221;|||&#8221; custom_padding=&#8221;90px||90px||true&#8221; animation_style=&#8221;zoom&#8221; animation_duration=&#8221;2000ms&#8221; animation_intensity_zoom=&#8221;4%&#8221; subhead_font_size_tablet=&#8221;&#8221; subhead_font_size_phone=&#8221;50px&#8221; subhead_font_size_last_edited=&#8221;on|desktop&#8221; button_one_border_radius_hover=&#8221;100px&#8221; button_one_bg_color_hover=&#8221;#cc8d66&#8243; button_two_bg_color_hover=&#8221;#d29f68&#8243; global_colors_info=&#8221;{}&#8221; button_one_text_size__hover_enabled=&#8221;off&#8221; button_two_text_size__hover_enabled=&#8221;off&#8221; button_one_text_color__hover_enabled=&#8221;off&#8221; button_two_text_color__hover_enabled=&#8221;off&#8221; button_one_border_width__hover_enabled=&#8221;off&#8221; button_two_border_width__hover_enabled=&#8221;off&#8221; button_one_border_color__hover_enabled=&#8221;off&#8221; button_two_border_color__hover_enabled=&#8221;off&#8221; button_one_border_radius__hover_enabled=&#8221;on&#8221; button_one_border_radius__hover=&#8221;100px&#8221; button_two_border_radius__hover_enabled=&#8221;off&#8221; button_one_letter_spacing__hover_enabled=&#8221;off&#8221; button_two_letter_spacing__hover_enabled=&#8221;off&#8221; button_one_bg_color__hover_enabled=&#8221;on&#8221; button_one_bg_color__hover=&#8221;#cc8d66&#8243; button_two_bg_color__hover_enabled=&#8221;on&#8221; button_two_bg_color__hover=&#8221;#d29f68&#8243;][\/et_pb_fullwidth_header][\/et_pb_section][et_pb_section fb_built=&#8221;1&#8243; next_background_color=&#8221;#000000&#8243; admin_label=&#8221;Blog Section&#8221; _builder_version=&#8221;4.16&#8243; custom_padding=&#8221;14px||77px||false|false&#8221; bottom_divider_style=&#8221;ramp&#8221; global_colors_info=&#8221;{}&#8221;][et_pb_row _builder_version=&#8221;4.24.2&#8243; custom_margin=&#8221;|auto|3px|auto||&#8221; global_colors_info=&#8221;{}&#8221;][et_pb_column type=&#8221;4_4&#8243; _builder_version=&#8221;4.16&#8243; global_colors_info=&#8221;{}&#8221;][et_pb_heading title=&#8221;Przysz\u0142e wydarzenia&#8221; _builder_version=&#8221;4.24.2&#8243; _module_preset=&#8221;default&#8221; title_text_align=&#8221;center&#8221; global_colors_info=&#8221;{}&#8221;][\/et_pb_heading][\/et_pb_column][\/et_pb_row][et_pb_row _builder_version=&#8221;4.24.2&#8243; _module_preset=&#8221;default&#8221; global_colors_info=&#8221;{}&#8221;][et_pb_column type=&#8221;4_4&#8243; _builder_version=&#8221;4.24.2&#8243; _module_preset=&#8221;default&#8221; global_colors_info=&#8221;{}&#8221;][et_pb_heading title=&#8221;Przesz\u0142e wydarzenia&#8221; _builder_version=&#8221;4.24.2&#8243; _module_preset=&#8221;default&#8221; title_text_align=&#8221;center&#8221; global_colors_info=&#8221;{}&#8221;][\/et_pb_heading][et_pb_blurb title=&#8221;STYCZNIOWY Dzie\u0144 Otwarty&#8221; use_icon=&#8221;on&#8221; font_icon=&#8221;&#xf073;||fa||400&#8243; icon_color=&#8221;#d29f68&#8243; icon_placement=&#8221;left&#8221; image_icon_width=&#8221;26px&#8221; _builder_version=&#8221;4.27.4&#8243; header_font=&#8221;Oswald|||on|||||&#8221; header_font_size=&#8221;16px&#8221; header_letter_spacing=&#8221;2px&#8221; header_line_height=&#8221;1.7em&#8221; body_font=&#8221;Lora||||||||&#8221; body_font_size=&#8221;16px&#8221; body_line_height=&#8221;2em&#8221; background_enable_image=&#8221;off&#8221; custom_padding=&#8221;0px|||||&#8221; animation_style=&#8221;fade&#8221; icon_font_size=&#8221;26px&#8221; global_colors_info=&#8221;{}&#8221;]<\/p>\n<p><strong>18.01.2026 &#8211; 11:00 &#8211; 14.30.<\/strong> Schronisko S\u0142upsk<\/p>\n<p>[\/et_pb_blurb][et_pb_blurb title=&#8221;MIKO\u0142aJKOWY Dzie\u0144 Otwarty&#8221; use_icon=&#8221;on&#8221; font_icon=&#8221;&#xf073;||fa||400&#8243; icon_color=&#8221;#d29f68&#8243; icon_placement=&#8221;left&#8221; image_icon_width=&#8221;26px&#8221; _builder_version=&#8221;4.27.4&#8243; header_font=&#8221;Oswald|||on|||||&#8221; header_font_size=&#8221;16px&#8221; header_letter_spacing=&#8221;2px&#8221; header_line_height=&#8221;1.7em&#8221; body_font=&#8221;Lora||||||||&#8221; body_font_size=&#8221;16px&#8221; body_line_height=&#8221;2em&#8221; background_enable_image=&#8221;off&#8221; custom_padding=&#8221;0px|||||&#8221; animation_style=&#8221;fade&#8221; icon_font_size=&#8221;26px&#8221; global_colors_info=&#8221;{}&#8221;]<\/p>\n<p><strong>07.12.2025 &#8211; 11:00 &#8211; 14.30.<\/strong> Schronisko S\u0142upsk<\/p>\n<p>[\/et_pb_blurb][et_pb_blurb title=&#8221;Dzie\u0144 Otwarty&#8221; use_icon=&#8221;on&#8221; font_icon=&#8221;&#xf073;||fa||400&#8243; icon_color=&#8221;#d29f68&#8243; icon_placement=&#8221;left&#8221; image_icon_width=&#8221;26px&#8221; _builder_version=&#8221;4.27.4&#8243; header_font=&#8221;Oswald|||on|||||&#8221; header_font_size=&#8221;16px&#8221; header_letter_spacing=&#8221;2px&#8221; header_line_height=&#8221;1.7em&#8221; body_font=&#8221;Lora||||||||&#8221; body_font_size=&#8221;16px&#8221; body_line_height=&#8221;2em&#8221; custom_padding=&#8221;0px|||||&#8221; animation_style=&#8221;fade&#8221; icon_font_size=&#8221;26px&#8221; global_colors_info=&#8221;{}&#8221;]<\/p>\n<p><strong>09.11.2025 &#8211; 11:00.<\/strong> Schronisko S\u0142upsk<\/p>\n<p>[\/et_pb_blurb][et_pb_blurb title=&#8221;Szkolenie dla nowych wolontariszy&#8221; use_icon=&#8221;on&#8221; font_icon=&#8221;&#xf073;||fa||400&#8243; icon_color=&#8221;#d29f68&#8243; icon_placement=&#8221;left&#8221; image_icon_width=&#8221;26px&#8221; _builder_version=&#8221;4.27.4&#8243; header_font=&#8221;Oswald|||on|||||&#8221; header_font_size=&#8221;16px&#8221; header_letter_spacing=&#8221;2px&#8221; header_line_height=&#8221;1.7em&#8221; body_font=&#8221;Lora||||||||&#8221; body_font_size=&#8221;16px&#8221; body_line_height=&#8221;2em&#8221; custom_padding=&#8221;0px|||||&#8221; animation_style=&#8221;fade&#8221; icon_font_size=&#8221;26px&#8221; global_colors_info=&#8221;{}&#8221;]<\/p>\n<p><strong>27.09.2025 &#8211; 10:00-13.00.<\/strong><i> Dzie\u0144 I<\/i><\/p>\n<p><strong>28.09.2025 &#8211; 11:00-14.30.<\/strong><i> Dzie\u0144 II<\/i><\/p>\n<p>[\/et_pb_blurb][et_pb_blurb title=&#8221;Dzie\u0144 Otwarty&#8221; use_icon=&#8221;on&#8221; font_icon=&#8221;&#xf073;||fa||400&#8243; icon_color=&#8221;#d29f68&#8243; icon_placement=&#8221;left&#8221; image_icon_width=&#8221;26px&#8221; _builder_version=&#8221;4.27.4&#8243; header_font=&#8221;Oswald|||on|||||&#8221; header_font_size=&#8221;16px&#8221; header_letter_spacing=&#8221;2px&#8221; header_line_height=&#8221;1.7em&#8221; body_font=&#8221;Lora||||||||&#8221; body_font_size=&#8221;16px&#8221; body_line_height=&#8221;2em&#8221; custom_padding=&#8221;0px|||||&#8221; animation_style=&#8221;fade&#8221; icon_font_size=&#8221;26px&#8221; global_colors_info=&#8221;{}&#8221;]<\/p>\n<p><strong>14.09.2025 &#8211; 11:00.<\/strong> Schronisko S\u0142upsk<\/p>\n<p>[\/et_pb_blurb][et_pb_blurb title=&#8221;Dzie\u0144 Otwarty&#8221; use_icon=&#8221;on&#8221; font_icon=&#8221;&#xf073;||fa||400&#8243; icon_color=&#8221;#d29f68&#8243; icon_placement=&#8221;left&#8221; image_icon_width=&#8221;26px&#8221; _builder_version=&#8221;4.27.2&#8243; header_font=&#8221;Oswald|||on|||||&#8221; header_font_size=&#8221;16px&#8221; header_letter_spacing=&#8221;2px&#8221; header_line_height=&#8221;1.7em&#8221; body_font=&#8221;Lora||||||||&#8221; body_font_size=&#8221;16px&#8221; body_line_height=&#8221;2em&#8221; custom_padding=&#8221;0px|||||&#8221; animation_style=&#8221;fade&#8221; icon_font_size=&#8221;26px&#8221; global_colors_info=&#8221;{}&#8221;]<\/p>\n<p><strong>18.05.2025 &#8211; 11:00.<\/strong> Schronisko S\u0142upsk<\/p>\n<p>[\/et_pb_blurb][et_pb_blurb title=&#8221;Maj\u00f3wka ze schroniskiem&#8221; use_icon=&#8221;on&#8221; font_icon=&#8221;&#xf073;||fa||400&#8243; icon_color=&#8221;#d29f68&#8243; icon_placement=&#8221;left&#8221; image_icon_width=&#8221;26px&#8221; _builder_version=&#8221;4.27.4&#8243; header_font=&#8221;Oswald|||on|||||&#8221; header_font_size=&#8221;16px&#8221; header_letter_spacing=&#8221;2px&#8221; header_line_height=&#8221;1.7em&#8221; body_font=&#8221;Lora||||||||&#8221; body_font_size=&#8221;16px&#8221; body_line_height=&#8221;2em&#8221; custom_padding=&#8221;0px|||||&#8221; animation_style=&#8221;fade&#8221; icon_font_size=&#8221;26px&#8221; global_colors_info=&#8221;{}&#8221;]<\/p>\n<p><strong>11.05.2024 &#8211; 10:00-15.00. <\/strong>Schronisko S\u0142upsk<\/p>\n<p>[\/et_pb_blurb][et_pb_blurb title=&#8221;Szkolenie dla nowych wolontariszy&#8221; use_icon=&#8221;on&#8221; font_icon=&#8221;&#xf073;||fa||400&#8243; icon_color=&#8221;#d29f68&#8243; icon_placement=&#8221;left&#8221; image_icon_width=&#8221;26px&#8221; _builder_version=&#8221;4.27.0&#8243; header_font=&#8221;Oswald|||on|||||&#8221; header_font_size=&#8221;16px&#8221; header_letter_spacing=&#8221;2px&#8221; header_line_height=&#8221;1.7em&#8221; body_font=&#8221;Lora||||||||&#8221; body_font_size=&#8221;16px&#8221; body_line_height=&#8221;2em&#8221; custom_padding=&#8221;0px|||||&#8221; animation_style=&#8221;fade&#8221; icon_font_size=&#8221;26px&#8221; global_colors_info=&#8221;{}&#8221;]<\/p>\n<p><strong>26.04.2025 &#8211; 10:00-13.00.<\/strong><i> Dzie\u0144 I<\/i><\/p>\n<p><strong>27.04.2025 &#8211; 11:00-14.30.<\/strong><i> Dzie\u0144 II<\/i><\/p>\n<p>[\/et_pb_blurb][et_pb_blurb title=&#8221;Dzie\u0144 Otwarty&#8221; use_icon=&#8221;on&#8221; font_icon=&#8221;&#xf073;||fa||400&#8243; icon_color=&#8221;#d29f68&#8243; icon_placement=&#8221;left&#8221; image_icon_width=&#8221;26px&#8221; _builder_version=&#8221;4.27.2&#8243; header_font=&#8221;Oswald|||on|||||&#8221; header_font_size=&#8221;16px&#8221; header_letter_spacing=&#8221;2px&#8221; header_line_height=&#8221;1.7em&#8221; body_font=&#8221;Lora||||||||&#8221; body_font_size=&#8221;16px&#8221; body_line_height=&#8221;2em&#8221; custom_padding=&#8221;0px|||||&#8221; animation_style=&#8221;fade&#8221; icon_font_size=&#8221;26px&#8221; global_colors_info=&#8221;{}&#8221;]<\/p>\n<p><strong>06.04.2025 &#8211; 11:00.<\/strong> Schronisko S\u0142upsk<\/p>\n<p>[\/et_pb_blurb][et_pb_blurb title=&#8221;Dzie\u0144 Otwarty&#8221; use_icon=&#8221;on&#8221; font_icon=&#8221;&#xf073;||fa||400&#8243; icon_color=&#8221;#d29f68&#8243; icon_placement=&#8221;left&#8221; image_icon_width=&#8221;26px&#8221; _builder_version=&#8221;4.27.2&#8243; header_font=&#8221;Oswald|||on|||||&#8221; header_font_size=&#8221;16px&#8221; header_letter_spacing=&#8221;2px&#8221; header_line_height=&#8221;1.7em&#8221; body_font=&#8221;Lora||||||||&#8221; body_font_size=&#8221;16px&#8221; body_line_height=&#8221;2em&#8221; custom_padding=&#8221;0px|||||&#8221; animation_style=&#8221;fade&#8221; icon_font_size=&#8221;26px&#8221; global_colors_info=&#8221;{}&#8221;]<\/p>\n<p><strong>16.02.2025 &#8211; 11:00.<\/strong> Schronisko S\u0142upsk<\/p>\n<p>[\/et_pb_blurb][et_pb_blurb title=&#8221;Dzie\u0144 Otwarty&#8221; use_icon=&#8221;on&#8221; font_icon=&#8221;&#xf073;||fa||400&#8243; icon_color=&#8221;#d29f68&#8243; icon_placement=&#8221;left&#8221; image_icon_width=&#8221;26px&#8221; _builder_version=&#8221;4.27.2&#8243; header_font=&#8221;Oswald|||on|||||&#8221; header_font_size=&#8221;16px&#8221; header_letter_spacing=&#8221;2px&#8221; header_line_height=&#8221;1.7em&#8221; body_font=&#8221;Lora||||||||&#8221; body_font_size=&#8221;16px&#8221; body_line_height=&#8221;2em&#8221; custom_padding=&#8221;0px|||||&#8221; animation_style=&#8221;fade&#8221; icon_font_size=&#8221;26px&#8221; global_colors_info=&#8221;{}&#8221;]<\/p>\n<p><strong>19.01.2025 &#8211; 11:00.<\/strong> Schronisko S\u0142upsk<\/p>\n<p>[\/et_pb_blurb][et_pb_blurb title=&#8221;Dzie\u0144 Otwarty&#8221; use_icon=&#8221;on&#8221; font_icon=&#8221;&#xf073;||fa||400&#8243; icon_color=&#8221;#d29f68&#8243; icon_placement=&#8221;left&#8221; image_icon_width=&#8221;26px&#8221; _builder_version=&#8221;4.27.2&#8243; header_font=&#8221;Oswald|||on|||||&#8221; header_font_size=&#8221;16px&#8221; header_letter_spacing=&#8221;2px&#8221; header_line_height=&#8221;1.7em&#8221; body_font=&#8221;Lora||||||||&#8221; body_font_size=&#8221;16px&#8221; body_line_height=&#8221;2em&#8221; custom_padding=&#8221;0px|||||&#8221; animation_style=&#8221;fade&#8221; icon_font_size=&#8221;26px&#8221; global_colors_info=&#8221;{}&#8221;]<\/p>\n<p><strong>08.12.2024 &#8211; 11:00.<\/strong> Schronisko S\u0142upsk<\/p>\n<p>[\/et_pb_blurb][et_pb_blurb title=&#8221;Dzie\u0144 Otwarty&#8221; use_icon=&#8221;on&#8221; font_icon=&#8221;&#xf073;||fa||400&#8243; icon_color=&#8221;#d29f68&#8243; icon_placement=&#8221;left&#8221; image_icon_width=&#8221;26px&#8221; _builder_version=&#8221;4.27.2&#8243; header_font=&#8221;Oswald|||on|||||&#8221; header_font_size=&#8221;16px&#8221; header_letter_spacing=&#8221;2px&#8221; header_line_height=&#8221;1.7em&#8221; body_font=&#8221;Lora||||||||&#8221; body_font_size=&#8221;16px&#8221; body_line_height=&#8221;2em&#8221; custom_padding=&#8221;0px|||||&#8221; animation_style=&#8221;fade&#8221; icon_font_size=&#8221;26px&#8221; global_colors_info=&#8221;{}&#8221;]<\/p>\n<p><strong>10.11.2024 &#8211; 11:00.<\/strong> Schronisko S\u0142upsk<\/p>\n<p>[\/et_pb_blurb][et_pb_blurb title=&#8221;Szkolenie dla nowych wolontariszy&#8221; use_icon=&#8221;on&#8221; font_icon=&#8221;&#xf073;||fa||400&#8243; icon_color=&#8221;#d29f68&#8243; icon_placement=&#8221;left&#8221; image_icon_width=&#8221;26px&#8221; _builder_version=&#8221;4.27.0&#8243; header_font=&#8221;Oswald|||on|||||&#8221; header_font_size=&#8221;16px&#8221; header_letter_spacing=&#8221;2px&#8221; header_line_height=&#8221;1.7em&#8221; body_font=&#8221;Lora||||||||&#8221; body_font_size=&#8221;16px&#8221; body_line_height=&#8221;2em&#8221; custom_padding=&#8221;0px|||||&#8221; animation_style=&#8221;fade&#8221; icon_font_size=&#8221;26px&#8221; global_colors_info=&#8221;{}&#8221;]<\/p>\n<p><strong>26.10.2024 &#8211; 10:00-13.30.<\/strong><i> Dzie\u0144 I<\/i><\/p>\n<p><strong>27.10.2024 &#8211; 11:00-14.30.<\/strong><i> Dzie\u0144 II<\/i><\/p>\n<p>[\/et_pb_blurb][et_pb_blurb title=&#8221;S\u0142upski Bieg Charytatywny na Rzecz Zwierz\u0105t \u201ePobiegnij \u2013 Pomo\u017cesz\u201d&#8221; use_icon=&#8221;on&#8221; font_icon=&#8221;&#xf073;||fa||400&#8243; icon_color=&#8221;#d29f68&#8243; icon_placement=&#8221;left&#8221; image_icon_width=&#8221;26px&#8221; _builder_version=&#8221;4.27.0&#8243; header_font=&#8221;Oswald|||on|||||&#8221; header_font_size=&#8221;16px&#8221; header_letter_spacing=&#8221;2px&#8221; header_line_height=&#8221;1.7em&#8221; body_font=&#8221;Lora||||||||&#8221; body_font_size=&#8221;16px&#8221; body_line_height=&#8221;2em&#8221; custom_padding=&#8221;0px|||||&#8221; animation_style=&#8221;fade&#8221; icon_font_size=&#8221;26px&#8221; global_colors_info=&#8221;{}&#8221;]<\/p>\n<p><strong>05.10.2024 &#8211; 10:00-15.00.<\/strong><i> Stadion 650 lecia S\u0142upsk<\/i><\/p>\n<p>[\/et_pb_blurb][et_pb_blurb title=&#8221;Spacer s\u0142upskich adopciak\u00f3w&#8221; use_icon=&#8221;on&#8221; font_icon=&#8221;&#xf073;||fa||400&#8243; icon_color=&#8221;#d29f68&#8243; icon_placement=&#8221;left&#8221; image_icon_width=&#8221;26px&#8221; _builder_version=&#8221;4.27.0&#8243; header_font=&#8221;Oswald|||on|||||&#8221; header_font_size=&#8221;16px&#8221; header_letter_spacing=&#8221;2px&#8221; header_line_height=&#8221;1.7em&#8221; body_font=&#8221;Lora||||||||&#8221; body_font_size=&#8221;16px&#8221; body_line_height=&#8221;2em&#8221; custom_padding=&#8221;0px|||||&#8221; animation_style=&#8221;fade&#8221; icon_font_size=&#8221;26px&#8221; global_colors_info=&#8221;{}&#8221;]<\/p>\n<p><strong>22.09.2024 &#8211; 11:00.<\/strong><i> Plac Zwyci\u0119stwa<\/i><\/p>\n<p>[\/et_pb_blurb][et_pb_blurb title=&#8221;Wrze\u015bniowy Dzie\u0144 Otwarty&#8221; use_icon=&#8221;on&#8221; font_icon=&#8221;&#xf073;||fa||400&#8243; icon_color=&#8221;#d29f68&#8243; icon_placement=&#8221;left&#8221; image_icon_width=&#8221;26px&#8221; _builder_version=&#8221;4.27.0&#8243; header_font=&#8221;Oswald|||on|||||&#8221; header_font_size=&#8221;16px&#8221; header_letter_spacing=&#8221;2px&#8221; header_line_height=&#8221;1.7em&#8221; body_font=&#8221;Lora||||||||&#8221; body_font_size=&#8221;16px&#8221; body_line_height=&#8221;2em&#8221; custom_padding=&#8221;0px|||||&#8221; animation_style=&#8221;fade&#8221; icon_font_size=&#8221;26px&#8221; global_colors_info=&#8221;{}&#8221;]<\/p>\n<p><strong>15.09.2024 &#8211; 11:00.<\/strong> Schronisko S\u0142upsk<\/p>\n<p>[\/et_pb_blurb][et_pb_blurb use_icon=&#8221;on&#8221; font_icon=&#8221;&#xf073;||fa||400&#8243; icon_color=&#8221;#d29f68&#8243; icon_placement=&#8221;left&#8221; image_icon_width=&#8221;26px&#8221; _builder_version=&#8221;4.25.2&#8243; header_font=&#8221;Oswald|||on|||||&#8221; header_font_size=&#8221;16px&#8221; header_letter_spacing=&#8221;2px&#8221; header_line_height=&#8221;1.7em&#8221; body_font=&#8221;Lora||||||||&#8221; body_font_size=&#8221;16px&#8221; body_line_height=&#8221;2em&#8221; custom_padding=&#8221;0px|||||&#8221; animation_style=&#8221;fade&#8221; icon_font_size=&#8221;26px&#8221; global_colors_info=&#8221;{}&#8221;]<\/p>\n<p><strong>23.06.2024 &#8211; 11:00.<\/strong><i>\u00a0Dzie\u0144 Otwarty<\/i><\/p>\n<p>[\/et_pb_blurb][et_pb_blurb use_icon=&#8221;on&#8221; font_icon=&#8221;&#xf073;||fa||400&#8243; icon_color=&#8221;#d29f68&#8243; icon_placement=&#8221;left&#8221; image_icon_width=&#8221;26px&#8221; _builder_version=&#8221;4.25.0&#8243; header_font=&#8221;Oswald|||on|||||&#8221; header_font_size=&#8221;16px&#8221; header_letter_spacing=&#8221;2px&#8221; header_line_height=&#8221;1.7em&#8221; body_font=&#8221;Lora||||||||&#8221; body_font_size=&#8221;16px&#8221; body_line_height=&#8221;2em&#8221; custom_padding=&#8221;0px|||||&#8221; animation_style=&#8221;fade&#8221; icon_font_size=&#8221;26px&#8221; global_colors_info=&#8221;{}&#8221;]<\/p>\n<p><strong>12.05.2024 &#8211; 10:00.<\/strong> <em>Maj\u00f3wka ze<\/em> <em>schroniskiem<\/em><\/p>\n<p>[\/et_pb_blurb][et_pb_blurb use_icon=&#8221;on&#8221; font_icon=&#8221;&#xf073;||fa||400&#8243; icon_color=&#8221;#d29f68&#8243; icon_placement=&#8221;left&#8221; image_icon_width=&#8221;26px&#8221; _builder_version=&#8221;4.25.0&#8243; header_font=&#8221;Oswald|||on|||||&#8221; header_font_size=&#8221;16px&#8221; header_letter_spacing=&#8221;2px&#8221; header_line_height=&#8221;1.7em&#8221; body_font=&#8221;Lora||||||||&#8221; body_font_size=&#8221;16px&#8221; body_line_height=&#8221;2em&#8221; custom_padding=&#8221;1px||1px|||&#8221; animation_style=&#8221;fade&#8221; icon_font_size=&#8221;26px&#8221; global_colors_info=&#8221;{}&#8221;]<\/p>\n<p><strong>28.04.2024 &#8211; 10:00.<\/strong> <em>Szkolenie dla nowych wolontariszy<\/em><\/p>\n<p>[\/et_pb_blurb][et_pb_blurb use_icon=&#8221;on&#8221; font_icon=&#8221;&#xf073;||fa||400&#8243; icon_color=&#8221;#d29f68&#8243; icon_placement=&#8221;left&#8221; image_icon_width=&#8221;26px&#8221; _builder_version=&#8221;4.24.3&#8243; header_font=&#8221;Oswald|||on|||||&#8221; header_font_size=&#8221;16px&#8221; header_letter_spacing=&#8221;2px&#8221; header_line_height=&#8221;1.7em&#8221; body_font=&#8221;Lora||||||||&#8221; body_font_size=&#8221;16px&#8221; body_line_height=&#8221;2em&#8221; custom_padding=&#8221;0px|||||&#8221; animation_style=&#8221;fade&#8221; icon_font_size=&#8221;26px&#8221; global_colors_info=&#8221;{}&#8221;]<\/p>\n<p><strong>14.04.2024 &#8211; 11:00.<\/strong>\u00a0<i>Kwietniowy Dzie\u0144 Otwarty<\/i><\/p>\n<p>[\/et_pb_blurb][et_pb_blurb use_icon=&#8221;on&#8221; font_icon=&#8221;&#xf073;||fa||400&#8243; icon_color=&#8221;#d29f68&#8243; icon_placement=&#8221;left&#8221; image_icon_width=&#8221;26px&#8221; _builder_version=&#8221;4.24.2&#8243; header_font=&#8221;Oswald|||on|||||&#8221; header_font_size=&#8221;16px&#8221; header_letter_spacing=&#8221;2px&#8221; header_line_height=&#8221;1.7em&#8221; body_font=&#8221;Lora||||||||&#8221; body_font_size=&#8221;16px&#8221; body_line_height=&#8221;2em&#8221; custom_padding=&#8221;0px|||||&#8221; animation_style=&#8221;fade&#8221; icon_font_size=&#8221;26px&#8221; global_colors_info=&#8221;{}&#8221;]<\/p>\n<p><strong>24.03.2024 &#8211; 10:00.<\/strong> <em>Szkolenie dla nowych wolontariszy<\/em><\/p>\n<p>[\/et_pb_blurb][\/et_pb_column][\/et_pb_row][\/et_pb_section][et_pb_section fb_built=&#8221;1&#8243; fullwidth=&#8221;on&#8221; _builder_version=&#8221;4.27.4&#8243; _module_preset=&#8221;default&#8221; background_color=&#8221;#000000&#8243; global_module=&#8221;3591&#8243; saved_tabs=&#8221;all&#8221; global_colors_info=&#8221;{}&#8221;][et_pb_fullwidth_image src=&#8221;https:\/\/schronisko-slupsk.pl\/wp-content\/uploads\/2025\/03\/pomoc.jpg&#8221; title_text=&#8221;pomoc&#8221; _builder_version=&#8221;4.27.4&#8243; _module_preset=&#8221;default&#8221; global_colors_info=&#8221;{}&#8221;][\/et_pb_fullwidth_image][\/et_pb_section]<\/p>\n","protected":false},"excerpt":{"rendered":"<p>18.01.2026 &#8211; 11:00 &#8211; 14.30. Schronisko S\u0142upsk07.12.2025 &#8211; 11:00 &#8211; 14.30. Schronisko S\u0142upsk09.11.2025 &#8211; 11:00. Schronisko S\u0142upsk27.09.2025 &#8211; 10:00-13.00. Dzie\u0144 I 28.09.2025 &#8211; 11:00-14.30. Dzie\u0144 II14.09.2025 &#8211; 11:00. Schronisko S\u0142upsk18.05.2025 &#8211; 11:00. Schronisko S\u0142upsk11.05.2024 &#8211; 10:00-15.00. Schronisko S\u0142upsk26.04.2025 &#8211; 10:00-13.00. Dzie\u0144 I 27.04.2025 &#8211; 11:00-14.30. Dzie\u0144 II06.04.2025 &#8211; 11:00. Schronisko S\u0142upsk16.02.2025 &#8211; 11:00. Schronisko S\u0142upsk19.01.2025 [&hellip;]<\/p>\n","protected":false},"author":2,"featured_media":0,"parent":0,"menu_order":0,"comment_status":"closed","ping_status":"closed","template":"","meta":{"_et_pb_use_builder":"on","_et_pb_old_content":"","_et_gb_content_width":"","footnotes":""},"class_list":["post-1663","page","type-page","status-publish","hentry"],"_links":{"self":[{"href":"https:\/\/schronisko-slupsk.pl\/index.php\/wp-json\/wp\/v2\/pages\/1663","targetHints":{"allow":["GET"]}}],"collection":[{"href":"https:\/\/schronisko-slupsk.pl\/index.php\/wp-json\/wp\/v2\/pages"}],"about":[{"href":"https:\/\/schronisko-slupsk.pl\/index.php\/wp-json\/wp\/v2\/types\/page"}],"author":[{"embeddable":true,"href":"https:\/\/schronisko-slupsk.pl\/index.php\/wp-json\/wp\/v2\/users\/2"}],"replies":[{"embeddable":true,"href":"https:\/\/schronisko-slupsk.pl\/index.php\/wp-json\/wp\/v2\/comments?post=1663"}],"version-history":[{"count":23,"href":"https:\/\/schronisko-slupsk.pl\/index.php\/wp-json\/wp\/v2\/pages\/1663\/revisions"}],"predecessor-version":[{"id":5694,"href":"https:\/\/schronisko-slupsk.pl\/index.php\/wp-json\/wp\/v2\/pages\/1663\/revisions\/5694"}],"wp:attachment":[{"href":"https:\/\/schronisko-slupsk.pl\/index.php\/wp-json\/wp\/v2\/media?parent=1663"}],"curies":[{"name":"wp","href":"https:\/\/api.w.org\/{rel}","templated":true}]}}